{"id":1090,"date":"2024-10-02T15:42:49","date_gmt":"2024-10-02T13:42:49","guid":{"rendered":"https:\/\/nix.cat\/casas-sector\/"},"modified":"2025-02-06T16:23:24","modified_gmt":"2025-02-06T15:23:24","slug":"cases-sector","status":"publish","type":"page","link":"https:\/\/nix.cat\/ca\/cases-sector\/","title":{"rendered":"Cases sector"},"content":{"rendered":"<div class=\"wpb-content-wrapper\"><p>[vc_row unlock_row_content=&#8221;yes&#8221; row_height_percent=&#8221;0&#8243; override_padding=&#8221;yes&#8221; h_padding=&#8221;4&#8243; top_padding=&#8221;2&#8243; bottom_padding=&#8221;3&#8243; back_image=&#8221;717&#8243; overlay_alpha=&#8221;50&#8243; gutter_size=&#8221;3&#8243; column_width_percent=&#8221;100&#8243; shift_y=&#8221;0&#8243; z_index=&#8221;0&#8243; top_divider=&#8221;triangle&#8221; enable_bottom_divider=&#8221;default&#8221; bottom_divider_inv=&#8221;triangle&#8221; shape_bottom_invert=&#8221;yes&#8221; shape_bottom_h_use_pixel=&#8221;&#8221; shape_bottom_height=&#8221;150&#8243; shape_bottom_color=&#8221;color-221304&#8243; shape_bottom_opacity=&#8221;100&#8243; shape_bottom_index=&#8221;0&#8243; content_parallax=&#8221;0&#8243; uncode_shortcode_id=&#8221;771573&#8243; shape_bottom_color_type=&#8221;uncode-palette&#8221;][vc_column column_width_percent=&#8221;100&#8243; position_vertical=&#8221;middle&#8221; align_horizontal=&#8221;align_center&#8221; gutter_size=&#8221;1&#8243; override_padding=&#8221;yes&#8221; column_padding=&#8221;5&#8243; style=&#8221;dark&#8221; overlay_alpha=&#8221;50&#8243; shift_x=&#8221;0&#8243; shift_y=&#8221;0&#8243; shift_y_down=&#8221;0&#8243; z_index=&#8221;0&#8243; medium_width=&#8221;0&#8243; mobile_width=&#8221;0&#8243; width=&#8221;1\/1&#8243; uncode_shortcode_id=&#8221;951601&#8243;][vc_custom_heading heading_semantic=&#8221;h1&#8243; text_size=&#8221;h1&#8243; text_weight=&#8221;800&#8243; text_transform=&#8221;uppercase&#8221; uncode_shortcode_id=&#8221;368724&#8243;]Solucions per cases[\/vc_custom_heading][\/vc_column][\/vc_row][vc_row row_height_percent=&#8221;0&#8243; back_color=&#8221;color-221304&#8243; overlay_alpha=&#8221;50&#8243; gutter_size=&#8221;3&#8243; column_width_percent=&#8221;100&#8243; shift_y=&#8221;0&#8243; z_index=&#8221;0&#8243; top_divider=&#8221;step&#8221; content_parallax=&#8221;0&#8243; uncode_shortcode_id=&#8221;928471&#8243; back_color_type=&#8221;uncode-palette&#8221;][vc_column column_width_percent=&#8221;100&#8243; align_horizontal=&#8221;align_center&#8221; gutter_size=&#8221;3&#8243; overlay_alpha=&#8221;50&#8243; shift_x=&#8221;0&#8243; shift_y=&#8221;0&#8243; shift_y_down=&#8221;0&#8243; z_index=&#8221;0&#8243; medium_width=&#8221;0&#8243; mobile_width=&#8221;0&#8243; width=&#8221;1\/1&#8243; uncode_shortcode_id=&#8221;773316&#8243;][vc_empty_space empty_h=&#8221;1&#8243;][vc_custom_heading uncode_shortcode_id=&#8221;577918&#8243; subheading=&#8221;Fes clic als diferents serveis per veure la distribuci\u00f3 de productes al pl\u00e0nol. Fes clic a cada punt vermell per descobrir els productes.&#8221;]Protegeixi la seva casa amb sistemes de seguretat per quan est\u00e0 a dins o lluny[\/vc_custom_heading][vc_column_text uncode_shortcode_id=&#8221;107339&#8243;]<div id=\"get-map-buttons-casas-ca\" class=\"get-map-buttons\" data-map=\"Casas CA\">\n\t<div id=\"map-buttons-container\" class=\"map-buttons-container unradius-hg\">\n\t\t<div id=\"map-name\" mapName=\"Casas CA\"><\/div>\n\t<\/div>\n\t<p class=\"text-center\" style=\"display: none;\">Mapa actual: Sistemas de Alarma<\/p>\n<\/div>\n[\/vc_column_text][vc_raw_html]JTVCbml4LWNhc2FzLWNhJTVE[\/vc_raw_html][\/vc_column][\/vc_row][vc_row row_height_percent=&#8221;0&#8243; overlay_alpha=&#8221;50&#8243; gutter_size=&#8221;3&#8243; column_width_percent=&#8221;100&#8243; shift_y=&#8221;0&#8243; z_index=&#8221;0&#8243; top_divider=&#8221;step&#8221; uncode_shortcode_id=&#8221;133448&#8243;][vc_column column_width_percent=&#8221;100&#8243; align_horizontal=&#8221;align_center&#8221; gutter_size=&#8221;3&#8243; overlay_alpha=&#8221;50&#8243; shift_x=&#8221;0&#8243; shift_y=&#8221;0&#8243; shift_y_down=&#8221;0&#8243; z_index=&#8221;0&#8243; medium_width=&#8221;0&#8243; mobile_width=&#8221;0&#8243; width=&#8221;1\/1&#8243; uncode_shortcode_id=&#8221;773316&#8243;][\/vc_column][\/vc_row][vc_row unlock_row_content=&#8221;yes&#8221; row_height_percent=&#8221;0&#8243; override_padding=&#8221;yes&#8221; h_padding=&#8221;4&#8243; top_padding=&#8221;2&#8243; bottom_padding=&#8221;2&#8243; overlay_alpha=&#8221;50&#8243; equal_height=&#8221;yes&#8221; gutter_size=&#8221;0&#8243; column_width_percent=&#8221;100&#8243; shift_y=&#8221;0&#8243; z_index=&#8221;0&#8243; uncode_shortcode_id=&#8221;102690&#8243;][vc_column column_width_percent=&#8221;100&#8243; gutter_size=&#8221;3&#8243; override_padding=&#8221;yes&#8221; column_padding=&#8221;3&#8243; back_color=&#8221;color-221304&#8243; overlay_alpha=&#8221;50&#8243; shift_x=&#8221;0&#8243; shift_y=&#8221;0&#8243; shift_y_down=&#8221;0&#8243; z_index=&#8221;0&#8243; medium_width=&#8221;0&#8243; mobile_width=&#8221;0&#8243; width=&#8221;2\/3&#8243; uncode_shortcode_id=&#8221;398616&#8243; back_color_type=&#8221;uncode-palette&#8221; el_class=&#8221;nix-border-radius-left&#8221;][vc_row_inner][vc_column_inner width=&#8221;1\/4&#8243;][vc_single_image media=&#8221;38&#8243; media_width_percent=&#8221;30&#8243; alignment=&#8221;center&#8221; uncode_shortcode_id=&#8221;601376&#8243;][\/vc_column_inner][vc_column_inner width=&#8221;3\/4&#8243;][vc_custom_heading text_color=&#8221;color-852888&#8243; uncode_shortcode_id=&#8221;857899&#8243; text_color_type=&#8221;uncode-palette&#8221; subheading=&#8221;Els sistemes d&#8217;alarma amb detecci\u00f3 perimetral permeten obtindre una verificaci\u00f3 r\u00e0pida de qualsevol intrusi\u00f3 al seu habitatge i sol\u00b7licitar imatges en qualsevol moment del seu sistema de seguretat. A m\u00e9s, \u00e9s possible connectar nom\u00e9s el sistema exterior quan es troba a dines de casa per una major seguretat.&#8221;]Sistema d&#8217;alarma amb imatges i detecci\u00f3 perimetral:[\/vc_custom_heading][\/vc_column_inner][\/vc_row_inner][vc_row_inner][vc_column_inner width=&#8221;1\/4&#8243;][vc_single_image media=&#8221;36&#8243; media_width_percent=&#8221;30&#8243; alignment=&#8221;center&#8221; uncode_shortcode_id=&#8221;926834&#8243;][\/vc_column_inner][vc_column_inner width=&#8221;3\/4&#8243;][vc_custom_heading text_color=&#8221;color-852888&#8243; uncode_shortcode_id=&#8221;634983&#8243; text_color_type=&#8221;uncode-palette&#8221; subheading=&#8221;Els sistemes d&#8217;anal\u00edtica de video afavoriexen la detecci\u00f3 d&#8217;intrusions i activitats sospitoses en el per\u00edmetre, com son el rondar i l&#8217;aproximaci\u00f3 a zones protegides. En cas d&#8217;una intrusi\u00f3 real, la Central Receptora d&#8217;Alarmes (CRA) rep tamb\u00e9 les senyals de video.&#8221;]Anal\u00edtica de video:[\/vc_custom_heading][\/vc_column_inner][\/vc_row_inner][\/vc_column][vc_column column_width_percent=&#8221;100&#8243; position_vertical=&#8221;middle&#8221; gutter_size=&#8221;3&#8243; override_padding=&#8221;yes&#8221; column_padding=&#8221;1&#8243; back_color=&#8221;color-221304&#8243; overlay_alpha=&#8221;50&#8243; shift_x=&#8221;0&#8243; shift_y=&#8221;0&#8243; shift_y_down=&#8221;0&#8243; z_index=&#8221;0&#8243; medium_width=&#8221;0&#8243; mobile_width=&#8221;0&#8243; width=&#8221;1\/3&#8243; uncode_shortcode_id=&#8221;190464&#8243; back_color_type=&#8221;uncode-palette&#8221; el_class=&#8221;nix-border-radius-right&#8221;][vc_single_image media=&#8221;724&#8243; media_width_percent=&#8221;100&#8243; alignment=&#8221;center&#8221; uncode_shortcode_id=&#8221;107807&#8243;][\/vc_column][\/vc_row][vc_row unlock_row_content=&#8221;yes&#8221; row_height_percent=&#8221;0&#8243; override_padding=&#8221;yes&#8221; h_padding=&#8221;4&#8243; top_padding=&#8221;2&#8243; bottom_padding=&#8221;2&#8243; overlay_alpha=&#8221;50&#8243; equal_height=&#8221;yes&#8221; gutter_size=&#8221;0&#8243; column_width_percent=&#8221;100&#8243; shift_y=&#8221;0&#8243; z_index=&#8221;0&#8243; uncode_shortcode_id=&#8221;102690&#8243;][vc_column column_width_percent=&#8221;100&#8243; position_vertical=&#8221;middle&#8221; align_horizontal=&#8221;align_center&#8221; gutter_size=&#8221;3&#8243; override_padding=&#8221;yes&#8221; column_padding=&#8221;1&#8243; back_color=&#8221;color-221304&#8243; overlay_alpha=&#8221;50&#8243; shift_x=&#8221;0&#8243; shift_y=&#8221;0&#8243; shift_y_down=&#8221;0&#8243; z_index=&#8221;0&#8243; medium_width=&#8221;0&#8243; mobile_width=&#8221;0&#8243; width=&#8221;1\/3&#8243; uncode_shortcode_id=&#8221;168717&#8243; back_color_type=&#8221;uncode-palette&#8221; el_class=&#8221;nix-border-radius-left&#8221;][vc_single_image media=&#8221;726&#8243; media_width_percent=&#8221;100&#8243; alignment=&#8221;center&#8221; uncode_shortcode_id=&#8221;118634&#8243;][\/vc_column][vc_column column_width_percent=&#8221;100&#8243; gutter_size=&#8221;3&#8243; override_padding=&#8221;yes&#8221; column_padding=&#8221;3&#8243; back_color=&#8221;color-221304&#8243; overlay_alpha=&#8221;50&#8243; shift_x=&#8221;0&#8243; shift_y=&#8221;0&#8243; shift_y_down=&#8221;0&#8243; z_index=&#8221;0&#8243; medium_width=&#8221;0&#8243; mobile_width=&#8221;0&#8243; width=&#8221;2\/3&#8243; uncode_shortcode_id=&#8221;901007&#8243; back_color_type=&#8221;uncode-palette&#8221; el_class=&#8221;nix-border-radius-right&#8221;][vc_row_inner][vc_column_inner width=&#8221;1\/4&#8243;][vc_single_image media=&#8221;35&#8243; media_width_percent=&#8221;30&#8243; alignment=&#8221;center&#8221; uncode_shortcode_id=&#8221;214512&#8243;][\/vc_column_inner][vc_column_inner width=&#8221;3\/4&#8243;][vc_custom_heading text_color=&#8221;color-852888&#8243; uncode_shortcode_id=&#8221;189035&#8243; text_color_type=&#8221;uncode-palette&#8221; subheading=&#8221;Els sistemes de videovigil\u00e0ncia i porters amb c\u00e0mera permeten als usuaris autoritzats a obrir portes mitjan\u00e7ant un sistema de control d&#8217;acc\u00e9s a trav\u00e9s de codi, targeta i\/o reconeixement facial.&#8221;]Sistemes de videovigil\u00e0ncia i video porters:[\/vc_custom_heading][\/vc_column_inner][\/vc_row_inner][vc_row_inner][vc_column_inner width=&#8221;1\/4&#8243;][vc_single_image media=&#8221;36&#8243; media_width_percent=&#8221;30&#8243; alignment=&#8221;center&#8221; uncode_shortcode_id=&#8221;926834&#8243;][\/vc_column_inner][vc_column_inner width=&#8221;3\/4&#8243;][vc_custom_heading text_color=&#8221;color-852888&#8243; uncode_shortcode_id=&#8221;698544&#8243; text_color_type=&#8221;uncode-palette&#8221; subheading=&#8221;Hi ha tot tipus de mesures de seguretat f\u00edsica per incrementar la protecci\u00f3 de casa seva, des de caixes fortes per guardar objectes de valor, portes de seguretat per dificultar entrada a intrusos i habitacions del p\u00e0nic per resguardar-se en cas d&#8217;intrusi\u00f3.&#8221;]Seguratet f\u00edsica:[\/vc_custom_heading][\/vc_column_inner][\/vc_row_inner][\/vc_column][\/vc_row][vc_row row_height_percent=&#8221;0&#8243; override_padding=&#8221;yes&#8221; h_padding=&#8221;2&#8243; top_padding=&#8221;0&#8243; bottom_padding=&#8221;0&#8243; overlay_alpha=&#8221;50&#8243; gutter_size=&#8221;3&#8243; column_width_percent=&#8221;100&#8243; shift_y=&#8221;0&#8243; z_index=&#8221;0&#8243; uncode_shortcode_id=&#8221;902632&#8243;][vc_column width=&#8221;1\/1&#8243;][vc_empty_space empty_h=&#8221;3&#8243;][\/vc_column][\/vc_row][vc_row][vc_column width=&#8221;1\/1&#8243;][uncode_block id=&#8221;112&#8243;][\/vc_column][\/vc_row][vc_row row_height_percent=&#8221;50&#8243; overlay_alpha=&#8221;50&#8243; gutter_size=&#8221;3&#8243; column_width_percent=&#8221;100&#8243; shift_y=&#8221;0&#8243; z_index=&#8221;0&#8243; uncode_shortcode_id=&#8221;213849&#8243;][vc_column width=&#8221;1\/1&#8243;][uncode_block id=&#8221;315&#8243;][\/vc_column][\/vc_row][vc_row][vc_column width=&#8221;1\/1&#8243;][uncode_block id=&#8221;410&#8243;][\/vc_column][\/vc_row][vc_row][vc_column width=&#8221;1\/1&#8243;][vc_empty_space empty_h=&#8221;2&#8243;][\/vc_column][\/vc_row]<\/p>\n<\/div>","protected":false},"excerpt":{"rendered":"<p>[vc_row unlock_row_content=&#8221;yes&#8221; row_height_percent=&#8221;0&#8243; override_padding=&#8221;yes&#8221; h_padding=&#8221;4&#8243; top_padding=&#8221;2&#8243; bottom_padding=&#8221;3&#8243; back_image=&#8221;717&#8243; overlay_alpha=&#8221;50&#8243; gutter_size=&#8221;3&#8243; column_width_percent=&#8221;100&#8243; shift_y=&#8221;0&#8243; z_index=&#8221;0&#8243; top_divider=&#8221;triangle&#8221; enable_bottom_divider=&#8221;default&#8221; bottom_divider_inv=&#8221;triangle&#8221; shape_bottom_invert=&#8221;yes&#8221; shape_bottom_h_use_pixel=&#8221;&#8221; shape_bottom_height=&#8221;150&#8243; shape_bottom_color=&#8221;color-221304&#8243; [&hellip;]<\/p>\n","protected":false},"author":1,"featured_media":0,"parent":0,"menu_order":0,"comment_status":"closed","ping_status":"closed","template":"","meta":{"footnotes":""},"class_list":["post-1090","page","type-page","status-publish","hentry"],"yoast_head":"<!-- This site is optimized with the Yoast SEO Premium plugin v27.3 (Yoast SEO v27.4) - https:\/\/yoast.com\/product\/yoast-seo-premium-wordpress\/ -->\n<title>Cases sector - NiX Grupo de Seguridad<\/title>\n<meta name=\"description\" content=\"Solucions per cases. Protegeixi la seva casa amb sistemes de seguretat per quan est\u00e0 a dins o lluny. Revisa els seg\u00fcents serveis.\" \/>\n<meta name=\"robots\" content=\"index, follow, max-snippet:-1, max-image-preview:large, max-video-preview:-1\" \/>\n<link rel=\"canonical\" href=\"https:\/\/nix.cat\/ca\/cases-sector\/\" \/>\n<meta property=\"og:locale\" content=\"ca_ES\" \/>\n<meta property=\"og:type\" content=\"article\" \/>\n<meta property=\"og:title\" content=\"Cases sector\" \/>\n<meta property=\"og:description\" content=\"Solucions per cases. Protegeixi la seva casa amb sistemes de seguretat per quan est\u00e0 a dins o lluny. Revisa els seg\u00fcents serveis.\" \/>\n<meta property=\"og:url\" content=\"https:\/\/nix.cat\/ca\/cases-sector\/\" \/>\n<meta property=\"og:site_name\" content=\"NiX Grupo de Seguridad\" \/>\n<meta property=\"article:publisher\" content=\"https:\/\/www.facebook.com\/nixgrupdeseguretat\/\" \/>\n<meta property=\"article:modified_time\" content=\"2025-02-06T15:23:24+00:00\" \/>\n<meta property=\"og:image\" content=\"https:\/\/nix.cat\/wp-content\/uploads\/2024\/07\/nix_logo.png\" \/>\n\t<meta property=\"og:image:width\" content=\"500\" \/>\n\t<meta property=\"og:image:height\" content=\"500\" \/>\n\t<meta property=\"og:image:type\" content=\"image\/png\" \/>\n<meta name=\"twitter:card\" content=\"summary_large_image\" \/>\n<meta name=\"twitter:image\" content=\"https:\/\/nix.cat\/wp-content\/uploads\/2024\/07\/nix_logo.png\" \/>\n<meta name=\"twitter:site\" content=\"@NIXseguretat\" \/>\n<meta name=\"twitter:label1\" content=\"Temps estimat de lectura\" \/>\n\t<meta name=\"twitter:data1\" content=\"3 minuts\" \/>\n<script type=\"application\/ld+json\" class=\"yoast-schema-graph\">{\"@context\":\"https:\\\/\\\/schema.org\",\"@graph\":[{\"@type\":\"WebPage\",\"@id\":\"https:\\\/\\\/nix.cat\\\/ca\\\/cases-sector\\\/\",\"url\":\"https:\\\/\\\/nix.cat\\\/ca\\\/cases-sector\\\/\",\"name\":\"Cases sector - NiX Grupo de Seguridad\",\"isPartOf\":{\"@id\":\"https:\\\/\\\/nix.cat\\\/#website\"},\"datePublished\":\"2024-10-02T13:42:49+00:00\",\"dateModified\":\"2025-02-06T15:23:24+00:00\",\"description\":\"Solucions per cases. Protegeixi la seva casa amb sistemes de seguretat per quan est\u00e0 a dins o lluny. Revisa els seg\u00fcents serveis.\",\"breadcrumb\":{\"@id\":\"https:\\\/\\\/nix.cat\\\/ca\\\/cases-sector\\\/#breadcrumb\"},\"inLanguage\":\"ca\",\"potentialAction\":[{\"@type\":\"ReadAction\",\"target\":[\"https:\\\/\\\/nix.cat\\\/ca\\\/cases-sector\\\/\"]}]},{\"@type\":\"BreadcrumbList\",\"@id\":\"https:\\\/\\\/nix.cat\\\/ca\\\/cases-sector\\\/#breadcrumb\",\"itemListElement\":[{\"@type\":\"ListItem\",\"position\":1,\"name\":\"Portada\",\"item\":\"https:\\\/\\\/nix.cat\\\/ca\\\/\"},{\"@type\":\"ListItem\",\"position\":2,\"name\":\"Cases sector\"}]},{\"@type\":\"WebSite\",\"@id\":\"https:\\\/\\\/nix.cat\\\/#website\",\"url\":\"https:\\\/\\\/nix.cat\\\/\",\"name\":\"NiX Grupo de Seguridad\",\"description\":\"Alarmas para Particulares y Empresas\",\"publisher\":{\"@id\":\"https:\\\/\\\/nix.cat\\\/#organization\"},\"potentialAction\":[{\"@type\":\"SearchAction\",\"target\":{\"@type\":\"EntryPoint\",\"urlTemplate\":\"https:\\\/\\\/nix.cat\\\/?s={search_term_string}\"},\"query-input\":{\"@type\":\"PropertyValueSpecification\",\"valueRequired\":true,\"valueName\":\"search_term_string\"}}],\"inLanguage\":\"ca\"},{\"@type\":\"Organization\",\"@id\":\"https:\\\/\\\/nix.cat\\\/#organization\",\"name\":\"NiX Grup de Seguretat\",\"alternateName\":\"NiX\",\"url\":\"https:\\\/\\\/nix.cat\\\/\",\"logo\":{\"@type\":\"ImageObject\",\"inLanguage\":\"ca\",\"@id\":\"https:\\\/\\\/nix.cat\\\/#\\\/schema\\\/logo\\\/image\\\/\",\"url\":\"https:\\\/\\\/nix.cat\\\/wp-content\\\/uploads\\\/2024\\\/10\\\/logo1-5.png\",\"contentUrl\":\"https:\\\/\\\/nix.cat\\\/wp-content\\\/uploads\\\/2024\\\/10\\\/logo1-5.png\",\"width\":100,\"height\":100,\"caption\":\"NiX Grup de Seguretat\"},\"image\":{\"@id\":\"https:\\\/\\\/nix.cat\\\/#\\\/schema\\\/logo\\\/image\\\/\"},\"sameAs\":[\"https:\\\/\\\/www.facebook.com\\\/nixgrupdeseguretat\\\/\",\"https:\\\/\\\/x.com\\\/NIXseguretat\",\"https:\\\/\\\/www.linkedin.com\\\/company\\\/10975377\\\/\"],\"description\":\"M\u00e1s de 40 a\u00f1os instalando y manteniendo sistemas de seguridad en Barcelona y Catalu\u00f1a. Alarmas, videovigilancia, control de accesos y antiincendios a medida.\",\"email\":\"nix@nix.cat\",\"telephone\":\"93 870 13 00\"}]}<\/script>\n<!-- \/ Yoast SEO Premium plugin. -->","yoast_head_json":{"title":"Cases sector - NiX Grupo de Seguridad","description":"Solucions per cases. Protegeixi la seva casa amb sistemes de seguretat per quan est\u00e0 a dins o lluny. Revisa els seg\u00fcents serveis.","robots":{"index":"index","follow":"follow","max-snippet":"max-snippet:-1","max-image-preview":"max-image-preview:large","max-video-preview":"max-video-preview:-1"},"canonical":"https:\/\/nix.cat\/ca\/cases-sector\/","og_locale":"ca_ES","og_type":"article","og_title":"Cases sector","og_description":"Solucions per cases. Protegeixi la seva casa amb sistemes de seguretat per quan est\u00e0 a dins o lluny. Revisa els seg\u00fcents serveis.","og_url":"https:\/\/nix.cat\/ca\/cases-sector\/","og_site_name":"NiX Grupo de Seguridad","article_publisher":"https:\/\/www.facebook.com\/nixgrupdeseguretat\/","article_modified_time":"2025-02-06T15:23:24+00:00","og_image":[{"width":500,"height":500,"url":"https:\/\/nix.cat\/wp-content\/uploads\/2024\/07\/nix_logo.png","type":"image\/png"}],"twitter_card":"summary_large_image","twitter_image":"https:\/\/nix.cat\/wp-content\/uploads\/2024\/07\/nix_logo.png","twitter_site":"@NIXseguretat","twitter_misc":{"Temps estimat de lectura":"3 minuts"},"schema":{"@context":"https:\/\/schema.org","@graph":[{"@type":"WebPage","@id":"https:\/\/nix.cat\/ca\/cases-sector\/","url":"https:\/\/nix.cat\/ca\/cases-sector\/","name":"Cases sector - NiX Grupo de Seguridad","isPartOf":{"@id":"https:\/\/nix.cat\/#website"},"datePublished":"2024-10-02T13:42:49+00:00","dateModified":"2025-02-06T15:23:24+00:00","description":"Solucions per cases. Protegeixi la seva casa amb sistemes de seguretat per quan est\u00e0 a dins o lluny. Revisa els seg\u00fcents serveis.","breadcrumb":{"@id":"https:\/\/nix.cat\/ca\/cases-sector\/#breadcrumb"},"inLanguage":"ca","potentialAction":[{"@type":"ReadAction","target":["https:\/\/nix.cat\/ca\/cases-sector\/"]}]},{"@type":"BreadcrumbList","@id":"https:\/\/nix.cat\/ca\/cases-sector\/#breadcrumb","itemListElement":[{"@type":"ListItem","position":1,"name":"Portada","item":"https:\/\/nix.cat\/ca\/"},{"@type":"ListItem","position":2,"name":"Cases sector"}]},{"@type":"WebSite","@id":"https:\/\/nix.cat\/#website","url":"https:\/\/nix.cat\/","name":"NiX Grupo de Seguridad","description":"Alarmas para Particulares y Empresas","publisher":{"@id":"https:\/\/nix.cat\/#organization"},"potentialAction":[{"@type":"SearchAction","target":{"@type":"EntryPoint","urlTemplate":"https:\/\/nix.cat\/?s={search_term_string}"},"query-input":{"@type":"PropertyValueSpecification","valueRequired":true,"valueName":"search_term_string"}}],"inLanguage":"ca"},{"@type":"Organization","@id":"https:\/\/nix.cat\/#organization","name":"NiX Grup de Seguretat","alternateName":"NiX","url":"https:\/\/nix.cat\/","logo":{"@type":"ImageObject","inLanguage":"ca","@id":"https:\/\/nix.cat\/#\/schema\/logo\/image\/","url":"https:\/\/nix.cat\/wp-content\/uploads\/2024\/10\/logo1-5.png","contentUrl":"https:\/\/nix.cat\/wp-content\/uploads\/2024\/10\/logo1-5.png","width":100,"height":100,"caption":"NiX Grup de Seguretat"},"image":{"@id":"https:\/\/nix.cat\/#\/schema\/logo\/image\/"},"sameAs":["https:\/\/www.facebook.com\/nixgrupdeseguretat\/","https:\/\/x.com\/NIXseguretat","https:\/\/www.linkedin.com\/company\/10975377\/"],"description":"M\u00e1s de 40 a\u00f1os instalando y manteniendo sistemas de seguridad en Barcelona y Catalu\u00f1a. Alarmas, videovigilancia, control de accesos y antiincendios a medida.","email":"nix@nix.cat","telephone":"93 870 13 00"}]}},"_links":{"self":[{"href":"https:\/\/nix.cat\/ca\/wp-json\/wp\/v2\/pages\/1090","targetHints":{"allow":["GET"]}}],"collection":[{"href":"https:\/\/nix.cat\/ca\/wp-json\/wp\/v2\/pages"}],"about":[{"href":"https:\/\/nix.cat\/ca\/wp-json\/wp\/v2\/types\/page"}],"author":[{"embeddable":true,"href":"https:\/\/nix.cat\/ca\/wp-json\/wp\/v2\/users\/1"}],"replies":[{"embeddable":true,"href":"https:\/\/nix.cat\/ca\/wp-json\/wp\/v2\/comments?post=1090"}],"version-history":[{"count":2,"href":"https:\/\/nix.cat\/ca\/wp-json\/wp\/v2\/pages\/1090\/revisions"}],"predecessor-version":[{"id":1758,"href":"https:\/\/nix.cat\/ca\/wp-json\/wp\/v2\/pages\/1090\/revisions\/1758"}],"wp:attachment":[{"href":"https:\/\/nix.cat\/ca\/wp-json\/wp\/v2\/media?parent=1090"}],"curies":[{"name":"wp","href":"https:\/\/api.w.org\/{rel}","templated":true}]}}