{"id":1099,"date":"2024-10-02T16:16:41","date_gmt":"2024-10-02T14:16:41","guid":{"rendered":"https:\/\/nix.cat\/retails-sector\/"},"modified":"2025-02-06T16:55:35","modified_gmt":"2025-02-06T15:55:35","slug":"retails-sector","status":"publish","type":"page","link":"https:\/\/nix.cat\/ca\/retails-sector\/","title":{"rendered":"Retails Sector"},"content":{"rendered":"<div class=\"wpb-content-wrapper\"><p>[vc_row unlock_row_content=&#8221;yes&#8221; row_height_percent=&#8221;0&#8243; override_padding=&#8221;yes&#8221; h_padding=&#8221;4&#8243; top_padding=&#8221;2&#8243; bottom_padding=&#8221;3&#8243; back_image=&#8221;732&#8243; overlay_alpha=&#8221;50&#8243; gutter_size=&#8221;3&#8243; column_width_percent=&#8221;100&#8243; shift_y=&#8221;0&#8243; z_index=&#8221;0&#8243; top_divider=&#8221;triangle&#8221; enable_bottom_divider=&#8221;default&#8221; bottom_divider_inv=&#8221;triangle&#8221; shape_bottom_invert=&#8221;yes&#8221; shape_bottom_h_use_pixel=&#8221;&#8221; shape_bottom_height=&#8221;150&#8243; shape_bottom_color=&#8221;color-221304&#8243; shape_bottom_opacity=&#8221;100&#8243; shape_bottom_index=&#8221;0&#8243; content_parallax=&#8221;0&#8243; uncode_shortcode_id=&#8221;885821&#8243; shape_bottom_color_type=&#8221;uncode-palette&#8221;][vc_column column_width_percent=&#8221;100&#8243; position_vertical=&#8221;middle&#8221; align_horizontal=&#8221;align_center&#8221; gutter_size=&#8221;1&#8243; override_padding=&#8221;yes&#8221; column_padding=&#8221;5&#8243; style=&#8221;dark&#8221; overlay_alpha=&#8221;50&#8243; shift_x=&#8221;0&#8243; shift_y=&#8221;0&#8243; shift_y_down=&#8221;0&#8243; z_index=&#8221;0&#8243; medium_width=&#8221;0&#8243; mobile_width=&#8221;0&#8243; width=&#8221;1\/1&#8243; uncode_shortcode_id=&#8221;951601&#8243;][vc_custom_heading heading_semantic=&#8221;h1&#8243; text_size=&#8221;h1&#8243; text_weight=&#8221;800&#8243; text_transform=&#8221;uppercase&#8221; uncode_shortcode_id=&#8221;182270&#8243;]Solucions per botigues i retail[\/vc_custom_heading][\/vc_column][\/vc_row][vc_row row_height_percent=&#8221;0&#8243; back_color=&#8221;color-221304&#8243; overlay_alpha=&#8221;50&#8243; gutter_size=&#8221;3&#8243; column_width_percent=&#8221;100&#8243; shift_y=&#8221;0&#8243; z_index=&#8221;0&#8243; top_divider=&#8221;step&#8221; content_parallax=&#8221;0&#8243; uncode_shortcode_id=&#8221;928471&#8243; back_color_type=&#8221;uncode-palette&#8221;][vc_column column_width_percent=&#8221;100&#8243; align_horizontal=&#8221;align_center&#8221; gutter_size=&#8221;3&#8243; overlay_alpha=&#8221;50&#8243; shift_x=&#8221;0&#8243; shift_y=&#8221;0&#8243; shift_y_down=&#8221;0&#8243; z_index=&#8221;0&#8243; medium_width=&#8221;0&#8243; mobile_width=&#8221;0&#8243; width=&#8221;1\/1&#8243; uncode_shortcode_id=&#8221;773316&#8243;][vc_empty_space empty_h=&#8221;1&#8243;][vc_custom_heading uncode_shortcode_id=&#8221;910364&#8243; subheading=&#8221;Fes clic als diferents serveis per veure la distribuci\u00f3 de productes al pl\u00e0nol. Fes clic a cada punt vermell per descobrir els productes.&#8221;]Controli tot el que passa a la seva botiga[\/vc_custom_heading][vc_column_text uncode_shortcode_id=&#8221;439030&#8243;]<div id=\"get-map-buttons-retail-ca\" class=\"get-map-buttons\" data-map=\"Retail CA\">\n\t<div id=\"map-buttons-container\" class=\"map-buttons-container unradius-hg\">\n\t\t<div id=\"map-name\" mapName=\"Retail CA\"><\/div>\n\t<\/div>\n\t<p class=\"text-center\" style=\"display: none;\">Mapa actual: Sistemas de Alarma<\/p>\n<\/div>\n[\/vc_column_text][vc_raw_html]JTVCbml4LXJldGFpbC1jYSU1RA==[\/vc_raw_html][\/vc_column][\/vc_row][vc_row row_height_percent=&#8221;0&#8243; overlay_alpha=&#8221;50&#8243; gutter_size=&#8221;3&#8243; column_width_percent=&#8221;100&#8243; shift_y=&#8221;0&#8243; z_index=&#8221;0&#8243; top_divider=&#8221;step&#8221; uncode_shortcode_id=&#8221;133448&#8243;][vc_column column_width_percent=&#8221;100&#8243; align_horizontal=&#8221;align_center&#8221; gutter_size=&#8221;3&#8243; overlay_alpha=&#8221;50&#8243; shift_x=&#8221;0&#8243; shift_y=&#8221;0&#8243; shift_y_down=&#8221;0&#8243; z_index=&#8221;0&#8243; medium_width=&#8221;0&#8243; mobile_width=&#8221;0&#8243; width=&#8221;1\/1&#8243; uncode_shortcode_id=&#8221;773316&#8243;][\/vc_column][\/vc_row][vc_row unlock_row_content=&#8221;yes&#8221; row_height_percent=&#8221;0&#8243; override_padding=&#8221;yes&#8221; h_padding=&#8221;4&#8243; top_padding=&#8221;2&#8243; bottom_padding=&#8221;2&#8243; overlay_alpha=&#8221;50&#8243; equal_height=&#8221;yes&#8221; gutter_size=&#8221;0&#8243; column_width_percent=&#8221;100&#8243; shift_y=&#8221;0&#8243; z_index=&#8221;0&#8243; uncode_shortcode_id=&#8221;102690&#8243;][vc_column column_width_percent=&#8221;100&#8243; gutter_size=&#8221;3&#8243; override_padding=&#8221;yes&#8221; column_padding=&#8221;3&#8243; back_color=&#8221;color-221304&#8243; overlay_alpha=&#8221;50&#8243; shift_x=&#8221;0&#8243; shift_y=&#8221;0&#8243; shift_y_down=&#8221;0&#8243; z_index=&#8221;0&#8243; medium_width=&#8221;0&#8243; mobile_width=&#8221;0&#8243; width=&#8221;2\/3&#8243; uncode_shortcode_id=&#8221;398616&#8243; back_color_type=&#8221;uncode-palette&#8221; el_class=&#8221;nix-border-radius-left&#8221;][vc_row_inner][vc_column_inner width=&#8221;1\/4&#8243;][vc_single_image media=&#8221;38&#8243; media_width_percent=&#8221;30&#8243; alignment=&#8221;center&#8221; uncode_shortcode_id=&#8221;601376&#8243;][\/vc_column_inner][vc_column_inner width=&#8221;3\/4&#8243;][vc_custom_heading text_color=&#8221;color-852888&#8243; uncode_shortcode_id=&#8221;106406&#8243; text_color_type=&#8221;uncode-palette&#8221; subheading=&#8221;Els sistemes d&#8217;alarma amb imatges permeten obtindre una verificaci\u00f3 r\u00e0pida de qualsevol intrusi\u00f3 a la seva botiga i sol.licitar imatges en tot moment de del seu sistema de seguretat. Fins i tot permet arribar a produir boira per dificultar el robatori.&#8221;]Sistema d&#8217;alarma amb imatges[\/vc_custom_heading][\/vc_column_inner][\/vc_row_inner][vc_row_inner][vc_column_inner width=&#8221;1\/4&#8243;][vc_single_image media=&#8221;36&#8243; media_width_percent=&#8221;30&#8243; alignment=&#8221;center&#8221; uncode_shortcode_id=&#8221;926834&#8243;][\/vc_column_inner][vc_column_inner width=&#8221;3\/4&#8243;][vc_custom_heading text_color=&#8221;color-852888&#8243; uncode_shortcode_id=&#8221;778645&#8243; text_color_type=&#8221;uncode-palette&#8221; subheading=&#8221;Els sistemes de videovigil\u00e0ncia poden arribar a afavorir la gesti\u00f3 del seu negoci ja que disposen de sistemes de Circuit Tancat de Televisi\u00f3 (CCTV) que permeten realitzar mapes de calor de la seva botiga i organitzar la gesti\u00f3 de cues, aix\u00ed com sistemes POS en punt de venda.&#8221;]Videovigil\u00e0ncia[\/vc_custom_heading][\/vc_column_inner][\/vc_row_inner][\/vc_column][vc_column column_width_percent=&#8221;100&#8243; position_vertical=&#8221;middle&#8221; gutter_size=&#8221;3&#8243; override_padding=&#8221;yes&#8221; column_padding=&#8221;1&#8243; back_color=&#8221;color-221304&#8243; overlay_alpha=&#8221;50&#8243; shift_x=&#8221;0&#8243; shift_y=&#8221;0&#8243; shift_y_down=&#8221;0&#8243; z_index=&#8221;0&#8243; medium_width=&#8221;0&#8243; mobile_width=&#8221;0&#8243; width=&#8221;1\/3&#8243; uncode_shortcode_id=&#8221;346075&#8243; back_color_type=&#8221;uncode-palette&#8221; el_class=&#8221;nix-border-radius-right&#8221;][vc_single_image media=&#8221;734&#8243; media_width_percent=&#8221;100&#8243; alignment=&#8221;center&#8221; uncode_shortcode_id=&#8221;987488&#8243;][\/vc_column][\/vc_row][vc_row unlock_row_content=&#8221;yes&#8221; row_height_percent=&#8221;0&#8243; override_padding=&#8221;yes&#8221; h_padding=&#8221;4&#8243; top_padding=&#8221;2&#8243; bottom_padding=&#8221;2&#8243; overlay_alpha=&#8221;50&#8243; equal_height=&#8221;yes&#8221; gutter_size=&#8221;0&#8243; column_width_percent=&#8221;100&#8243; shift_y=&#8221;0&#8243; z_index=&#8221;0&#8243; uncode_shortcode_id=&#8221;102690&#8243;][vc_column column_width_percent=&#8221;100&#8243; position_vertical=&#8221;middle&#8221; align_horizontal=&#8221;align_center&#8221; gutter_size=&#8221;3&#8243; override_padding=&#8221;yes&#8221; column_padding=&#8221;1&#8243; back_color=&#8221;color-221304&#8243; overlay_alpha=&#8221;50&#8243; shift_x=&#8221;0&#8243; shift_y=&#8221;0&#8243; shift_y_down=&#8221;0&#8243; z_index=&#8221;0&#8243; medium_width=&#8221;0&#8243; mobile_width=&#8221;0&#8243; width=&#8221;1\/3&#8243; uncode_shortcode_id=&#8221;168717&#8243; back_color_type=&#8221;uncode-palette&#8221; el_class=&#8221;nix-border-radius-left&#8221;][vc_single_image media=&#8221;736&#8243; media_width_percent=&#8221;100&#8243; alignment=&#8221;center&#8221; uncode_shortcode_id=&#8221;969196&#8243;][\/vc_column][vc_column column_width_percent=&#8221;100&#8243; gutter_size=&#8221;3&#8243; override_padding=&#8221;yes&#8221; column_padding=&#8221;3&#8243; back_color=&#8221;color-221304&#8243; overlay_alpha=&#8221;50&#8243; shift_x=&#8221;0&#8243; shift_y=&#8221;0&#8243; shift_y_down=&#8221;0&#8243; z_index=&#8221;0&#8243; medium_width=&#8221;0&#8243; mobile_width=&#8221;0&#8243; width=&#8221;2\/3&#8243; uncode_shortcode_id=&#8221;119069&#8243; back_color_type=&#8221;uncode-palette&#8221; el_class=&#8221;nix-border-radius-right&#8221;][vc_row_inner][vc_column_inner width=&#8221;1\/4&#8243;][vc_single_image media=&#8221;35&#8243; media_width_percent=&#8221;30&#8243; alignment=&#8221;center&#8221; uncode_shortcode_id=&#8221;214512&#8243;][\/vc_column_inner][vc_column_inner width=&#8221;3\/4&#8243;][vc_custom_heading text_color=&#8221;color-852888&#8243; uncode_shortcode_id=&#8221;130586&#8243; text_color_type=&#8221;uncode-palette&#8221; subheading=&#8221;El Biomarketing \u00e9s un sistema avan\u00e7at que funci\u00f3 dels visitants de la seva botiga pot realitzar campanyes publicit\u00e0ries segmentades per edat, sexe o estat emocional dels seus client. Tamb\u00e9 permet con\u00e8ixer el perfil dels seus visitants, temps mig a la botiga, recurr\u00e8ncia o aformanet en temps real.&#8221;]Biomarketing[\/vc_custom_heading][\/vc_column_inner][\/vc_row_inner][vc_row_inner][vc_column_inner width=&#8221;1\/4&#8243;][vc_single_image media=&#8221;36&#8243; media_width_percent=&#8221;30&#8243; alignment=&#8221;center&#8221; uncode_shortcode_id=&#8221;926834&#8243;][\/vc_column_inner][vc_column_inner width=&#8221;3\/4&#8243;][vc_custom_heading text_color=&#8221;color-852888&#8243; uncode_shortcode_id=&#8221;368060&#8243; text_color_type=&#8221;uncode-palette&#8221; subheading=&#8221;Els sistemes de detecci\u00f3 d&#8217;incendis afavoreixen la detecci\u00f3 r\u00e0pida de qualsevol incendi reduint aix\u00ed l&#8217;impacte en el seu negoci. Es realitzen instal.lacions i manteniment de sistemes de detecci\u00f3 d&#8217;incendis segons el Reglament de Instal.lacions de Protecci\u00f3 Contra Incendis (RIPCI).&#8221;]Detecci\u00f3 d&#8217;incendis[\/vc_custom_heading][\/vc_column_inner][\/vc_row_inner][\/vc_column][\/vc_row][vc_row row_height_percent=&#8221;0&#8243; override_padding=&#8221;yes&#8221; h_padding=&#8221;2&#8243; top_padding=&#8221;0&#8243; bottom_padding=&#8221;0&#8243; overlay_alpha=&#8221;50&#8243; gutter_size=&#8221;3&#8243; column_width_percent=&#8221;100&#8243; shift_y=&#8221;0&#8243; z_index=&#8221;0&#8243; uncode_shortcode_id=&#8221;902632&#8243;][vc_column width=&#8221;1\/1&#8243;][vc_empty_space empty_h=&#8221;3&#8243;][\/vc_column][\/vc_row][vc_row][vc_column width=&#8221;1\/1&#8243;][uncode_block id=&#8221;112&#8243;][\/vc_column][\/vc_row][vc_row row_height_percent=&#8221;50&#8243; overlay_alpha=&#8221;50&#8243; gutter_size=&#8221;3&#8243; column_width_percent=&#8221;100&#8243; shift_y=&#8221;0&#8243; z_index=&#8221;0&#8243; uncode_shortcode_id=&#8221;213849&#8243;][vc_column width=&#8221;1\/1&#8243;][uncode_block id=&#8221;315&#8243;][\/vc_column][\/vc_row][vc_row][vc_column width=&#8221;1\/1&#8243;][uncode_block id=&#8221;410&#8243;][\/vc_column][\/vc_row][vc_row][vc_column width=&#8221;1\/1&#8243;][vc_empty_space empty_h=&#8221;2&#8243;][\/vc_column][\/vc_row]<\/p>\n<\/div>","protected":false},"excerpt":{"rendered":"<p>[vc_row unlock_row_content=&#8221;yes&#8221; row_height_percent=&#8221;0&#8243; override_padding=&#8221;yes&#8221; h_padding=&#8221;4&#8243; top_padding=&#8221;2&#8243; bottom_padding=&#8221;3&#8243; back_image=&#8221;732&#8243; overlay_alpha=&#8221;50&#8243; gutter_size=&#8221;3&#8243; column_width_percent=&#8221;100&#8243; shift_y=&#8221;0&#8243; z_index=&#8221;0&#8243; top_divider=&#8221;triangle&#8221; enable_bottom_divider=&#8221;default&#8221; bottom_divider_inv=&#8221;triangle&#8221; shape_bottom_invert=&#8221;yes&#8221; shape_bottom_h_use_pixel=&#8221;&#8221; shape_bottom_height=&#8221;150&#8243; shape_bottom_color=&#8221;color-221304&#8243; [&hellip;]<\/p>\n","protected":false},"author":1,"featured_media":0,"parent":0,"menu_order":0,"comment_status":"closed","ping_status":"closed","template":"","meta":{"footnotes":""},"class_list":["post-1099","page","type-page","status-publish","hentry"],"yoast_head":"<!-- This site is optimized with the Yoast SEO Premium plugin v27.3 (Yoast SEO v27.4) - https:\/\/yoast.com\/product\/yoast-seo-premium-wordpress\/ -->\n<title>Retails Sector - NiX Grupo de Seguridad<\/title>\n<meta name=\"description\" content=\"Solucions per botigues i retail. Controli tot el que passa a la seva botiga. Alarmes, videovigil\u00e0ncia, biomarketing i detecci\u00f3 d&#039;incendis.\" \/>\n<meta name=\"robots\" content=\"index, follow, max-snippet:-1, max-image-preview:large, max-video-preview:-1\" \/>\n<link rel=\"canonical\" href=\"https:\/\/nix.cat\/ca\/retails-sector\/\" \/>\n<meta property=\"og:locale\" content=\"ca_ES\" \/>\n<meta property=\"og:type\" content=\"article\" \/>\n<meta property=\"og:title\" content=\"Retails Sector\" \/>\n<meta property=\"og:description\" content=\"Solucions per botigues i retail. Controli tot el que passa a la seva botiga. Alarmes, videovigil\u00e0ncia, biomarketing i detecci\u00f3 d&#039;incendis.\" \/>\n<meta property=\"og:url\" content=\"https:\/\/nix.cat\/ca\/retails-sector\/\" \/>\n<meta property=\"og:site_name\" content=\"NiX Grupo de Seguridad\" \/>\n<meta property=\"article:publisher\" content=\"https:\/\/www.facebook.com\/nixgrupdeseguretat\/\" \/>\n<meta property=\"article:modified_time\" content=\"2025-02-06T15:55:35+00:00\" \/>\n<meta property=\"og:image\" content=\"https:\/\/nix.cat\/wp-content\/uploads\/2024\/07\/nix_logo.png\" \/>\n\t<meta property=\"og:image:width\" content=\"500\" \/>\n\t<meta property=\"og:image:height\" content=\"500\" \/>\n\t<meta property=\"og:image:type\" content=\"image\/png\" \/>\n<meta name=\"twitter:card\" content=\"summary_large_image\" \/>\n<meta name=\"twitter:image\" content=\"https:\/\/nix.cat\/wp-content\/uploads\/2024\/07\/nix_logo.png\" \/>\n<meta name=\"twitter:site\" content=\"@NIXseguretat\" \/>\n<meta name=\"twitter:label1\" content=\"Temps estimat de lectura\" \/>\n\t<meta name=\"twitter:data1\" content=\"3 minuts\" \/>\n<script type=\"application\/ld+json\" class=\"yoast-schema-graph\">{\"@context\":\"https:\\\/\\\/schema.org\",\"@graph\":[{\"@type\":\"WebPage\",\"@id\":\"https:\\\/\\\/nix.cat\\\/ca\\\/retails-sector\\\/\",\"url\":\"https:\\\/\\\/nix.cat\\\/ca\\\/retails-sector\\\/\",\"name\":\"Retails Sector - NiX Grupo de Seguridad\",\"isPartOf\":{\"@id\":\"https:\\\/\\\/nix.cat\\\/#website\"},\"datePublished\":\"2024-10-02T14:16:41+00:00\",\"dateModified\":\"2025-02-06T15:55:35+00:00\",\"description\":\"Solucions per botigues i retail. Controli tot el que passa a la seva botiga. Alarmes, videovigil\u00e0ncia, biomarketing i detecci\u00f3 d'incendis.\",\"breadcrumb\":{\"@id\":\"https:\\\/\\\/nix.cat\\\/ca\\\/retails-sector\\\/#breadcrumb\"},\"inLanguage\":\"ca\",\"potentialAction\":[{\"@type\":\"ReadAction\",\"target\":[\"https:\\\/\\\/nix.cat\\\/ca\\\/retails-sector\\\/\"]}]},{\"@type\":\"BreadcrumbList\",\"@id\":\"https:\\\/\\\/nix.cat\\\/ca\\\/retails-sector\\\/#breadcrumb\",\"itemListElement\":[{\"@type\":\"ListItem\",\"position\":1,\"name\":\"Portada\",\"item\":\"https:\\\/\\\/nix.cat\\\/ca\\\/\"},{\"@type\":\"ListItem\",\"position\":2,\"name\":\"Retails Sector\"}]},{\"@type\":\"WebSite\",\"@id\":\"https:\\\/\\\/nix.cat\\\/#website\",\"url\":\"https:\\\/\\\/nix.cat\\\/\",\"name\":\"NiX Grupo de Seguridad\",\"description\":\"Alarmas para Particulares y Empresas\",\"publisher\":{\"@id\":\"https:\\\/\\\/nix.cat\\\/#organization\"},\"potentialAction\":[{\"@type\":\"SearchAction\",\"target\":{\"@type\":\"EntryPoint\",\"urlTemplate\":\"https:\\\/\\\/nix.cat\\\/?s={search_term_string}\"},\"query-input\":{\"@type\":\"PropertyValueSpecification\",\"valueRequired\":true,\"valueName\":\"search_term_string\"}}],\"inLanguage\":\"ca\"},{\"@type\":\"Organization\",\"@id\":\"https:\\\/\\\/nix.cat\\\/#organization\",\"name\":\"NiX Grup de Seguretat\",\"alternateName\":\"NiX\",\"url\":\"https:\\\/\\\/nix.cat\\\/\",\"logo\":{\"@type\":\"ImageObject\",\"inLanguage\":\"ca\",\"@id\":\"https:\\\/\\\/nix.cat\\\/#\\\/schema\\\/logo\\\/image\\\/\",\"url\":\"https:\\\/\\\/nix.cat\\\/wp-content\\\/uploads\\\/2024\\\/10\\\/logo1-5.png\",\"contentUrl\":\"https:\\\/\\\/nix.cat\\\/wp-content\\\/uploads\\\/2024\\\/10\\\/logo1-5.png\",\"width\":100,\"height\":100,\"caption\":\"NiX Grup de Seguretat\"},\"image\":{\"@id\":\"https:\\\/\\\/nix.cat\\\/#\\\/schema\\\/logo\\\/image\\\/\"},\"sameAs\":[\"https:\\\/\\\/www.facebook.com\\\/nixgrupdeseguretat\\\/\",\"https:\\\/\\\/x.com\\\/NIXseguretat\",\"https:\\\/\\\/www.linkedin.com\\\/company\\\/10975377\\\/\"],\"description\":\"M\u00e1s de 40 a\u00f1os instalando y manteniendo sistemas de seguridad en Barcelona y Catalu\u00f1a. Alarmas, videovigilancia, control de accesos y antiincendios a medida.\",\"email\":\"nix@nix.cat\",\"telephone\":\"93 870 13 00\"}]}<\/script>\n<!-- \/ Yoast SEO Premium plugin. -->","yoast_head_json":{"title":"Retails Sector - NiX Grupo de Seguridad","description":"Solucions per botigues i retail. Controli tot el que passa a la seva botiga. Alarmes, videovigil\u00e0ncia, biomarketing i detecci\u00f3 d'incendis.","robots":{"index":"index","follow":"follow","max-snippet":"max-snippet:-1","max-image-preview":"max-image-preview:large","max-video-preview":"max-video-preview:-1"},"canonical":"https:\/\/nix.cat\/ca\/retails-sector\/","og_locale":"ca_ES","og_type":"article","og_title":"Retails Sector","og_description":"Solucions per botigues i retail. Controli tot el que passa a la seva botiga. Alarmes, videovigil\u00e0ncia, biomarketing i detecci\u00f3 d'incendis.","og_url":"https:\/\/nix.cat\/ca\/retails-sector\/","og_site_name":"NiX Grupo de Seguridad","article_publisher":"https:\/\/www.facebook.com\/nixgrupdeseguretat\/","article_modified_time":"2025-02-06T15:55:35+00:00","og_image":[{"width":500,"height":500,"url":"https:\/\/nix.cat\/wp-content\/uploads\/2024\/07\/nix_logo.png","type":"image\/png"}],"twitter_card":"summary_large_image","twitter_image":"https:\/\/nix.cat\/wp-content\/uploads\/2024\/07\/nix_logo.png","twitter_site":"@NIXseguretat","twitter_misc":{"Temps estimat de lectura":"3 minuts"},"schema":{"@context":"https:\/\/schema.org","@graph":[{"@type":"WebPage","@id":"https:\/\/nix.cat\/ca\/retails-sector\/","url":"https:\/\/nix.cat\/ca\/retails-sector\/","name":"Retails Sector - NiX Grupo de Seguridad","isPartOf":{"@id":"https:\/\/nix.cat\/#website"},"datePublished":"2024-10-02T14:16:41+00:00","dateModified":"2025-02-06T15:55:35+00:00","description":"Solucions per botigues i retail. Controli tot el que passa a la seva botiga. Alarmes, videovigil\u00e0ncia, biomarketing i detecci\u00f3 d'incendis.","breadcrumb":{"@id":"https:\/\/nix.cat\/ca\/retails-sector\/#breadcrumb"},"inLanguage":"ca","potentialAction":[{"@type":"ReadAction","target":["https:\/\/nix.cat\/ca\/retails-sector\/"]}]},{"@type":"BreadcrumbList","@id":"https:\/\/nix.cat\/ca\/retails-sector\/#breadcrumb","itemListElement":[{"@type":"ListItem","position":1,"name":"Portada","item":"https:\/\/nix.cat\/ca\/"},{"@type":"ListItem","position":2,"name":"Retails Sector"}]},{"@type":"WebSite","@id":"https:\/\/nix.cat\/#website","url":"https:\/\/nix.cat\/","name":"NiX Grupo de Seguridad","description":"Alarmas para Particulares y Empresas","publisher":{"@id":"https:\/\/nix.cat\/#organization"},"potentialAction":[{"@type":"SearchAction","target":{"@type":"EntryPoint","urlTemplate":"https:\/\/nix.cat\/?s={search_term_string}"},"query-input":{"@type":"PropertyValueSpecification","valueRequired":true,"valueName":"search_term_string"}}],"inLanguage":"ca"},{"@type":"Organization","@id":"https:\/\/nix.cat\/#organization","name":"NiX Grup de Seguretat","alternateName":"NiX","url":"https:\/\/nix.cat\/","logo":{"@type":"ImageObject","inLanguage":"ca","@id":"https:\/\/nix.cat\/#\/schema\/logo\/image\/","url":"https:\/\/nix.cat\/wp-content\/uploads\/2024\/10\/logo1-5.png","contentUrl":"https:\/\/nix.cat\/wp-content\/uploads\/2024\/10\/logo1-5.png","width":100,"height":100,"caption":"NiX Grup de Seguretat"},"image":{"@id":"https:\/\/nix.cat\/#\/schema\/logo\/image\/"},"sameAs":["https:\/\/www.facebook.com\/nixgrupdeseguretat\/","https:\/\/x.com\/NIXseguretat","https:\/\/www.linkedin.com\/company\/10975377\/"],"description":"M\u00e1s de 40 a\u00f1os instalando y manteniendo sistemas de seguridad en Barcelona y Catalu\u00f1a. Alarmas, videovigilancia, control de accesos y antiincendios a medida.","email":"nix@nix.cat","telephone":"93 870 13 00"}]}},"_links":{"self":[{"href":"https:\/\/nix.cat\/ca\/wp-json\/wp\/v2\/pages\/1099","targetHints":{"allow":["GET"]}}],"collection":[{"href":"https:\/\/nix.cat\/ca\/wp-json\/wp\/v2\/pages"}],"about":[{"href":"https:\/\/nix.cat\/ca\/wp-json\/wp\/v2\/types\/page"}],"author":[{"embeddable":true,"href":"https:\/\/nix.cat\/ca\/wp-json\/wp\/v2\/users\/1"}],"replies":[{"embeddable":true,"href":"https:\/\/nix.cat\/ca\/wp-json\/wp\/v2\/comments?post=1099"}],"version-history":[{"count":2,"href":"https:\/\/nix.cat\/ca\/wp-json\/wp\/v2\/pages\/1099\/revisions"}],"predecessor-version":[{"id":1747,"href":"https:\/\/nix.cat\/ca\/wp-json\/wp\/v2\/pages\/1099\/revisions\/1747"}],"wp:attachment":[{"href":"https:\/\/nix.cat\/ca\/wp-json\/wp\/v2\/media?parent=1099"}],"curies":[{"name":"wp","href":"https:\/\/api.w.org\/{rel}","templated":true}]}}