{"id":1133,"date":"2024-11-07T12:15:18","date_gmt":"2024-11-07T11:15:18","guid":{"rendered":"https:\/\/nix.cat\/noticias\/"},"modified":"2025-02-06T16:11:42","modified_gmt":"2025-02-06T15:11:42","slug":"noticies","status":"publish","type":"page","link":"https:\/\/nix.cat\/ca\/noticies\/","title":{"rendered":"Not\u00edcies"},"content":{"rendered":"<div class=\"wpb-content-wrapper\"><p>[vc_row unlock_row_content=&#8221;yes&#8221; row_height_percent=&#8221;0&#8243; override_padding=&#8221;yes&#8221; h_padding=&#8221;4&#8243; top_padding=&#8221;4&#8243; bottom_padding=&#8221;0&#8243; back_image=&#8221;33&#8243; overlay_color=&#8221;color-nhtu&#8221; overlay_alpha=&#8221;20&#8243; gutter_size=&#8221;3&#8243; column_width_percent=&#8221;100&#8243; shift_y=&#8221;0&#8243; z_index=&#8221;0&#8243; top_divider=&#8221;triangle&#8221; enable_bottom_divider=&#8221;default&#8221; bottom_divider_inv=&#8221;triangle&#8221; shape_bottom_invert=&#8221;yes&#8221; shape_bottom_h_use_pixel=&#8221;&#8221; shape_bottom_height=&#8221;150&#8243; shape_bottom_opacity=&#8221;100&#8243; shape_bottom_safe=&#8221;yes&#8221; shape_bottom_index=&#8221;0&#8243; content_parallax=&#8221;0&#8243; uncode_shortcode_id=&#8221;164978&#8243; overlay_color_type=&#8221;uncode-palette&#8221;][vc_column column_width_percent=&#8221;100&#8243; position_vertical=&#8221;middle&#8221; align_horizontal=&#8221;align_center&#8221; gutter_size=&#8221;1&#8243; override_padding=&#8221;yes&#8221; column_padding=&#8221;2&#8243; style=&#8221;dark&#8221; overlay_alpha=&#8221;50&#8243; shift_x=&#8221;0&#8243; shift_y=&#8221;0&#8243; shift_y_down=&#8221;0&#8243; z_index=&#8221;0&#8243; medium_width=&#8221;0&#8243; mobile_width=&#8221;0&#8243; width=&#8221;1\/1&#8243; uncode_shortcode_id=&#8221;987799&#8243;][vc_custom_heading heading_semantic=&#8221;h1&#8243; text_size=&#8221;h1&#8243; text_weight=&#8221;800&#8243; text_transform=&#8221;uppercase&#8221; uncode_shortcode_id=&#8221;671626&#8243;]Not\u00edcies[\/vc_custom_heading][\/vc_column][\/vc_row][vc_row unlock_row_content=&#8221;yes&#8221; row_height_percent=&#8221;0&#8243; override_padding=&#8221;yes&#8221; h_padding=&#8221;0&#8243; top_padding=&#8221;0&#8243; bottom_padding=&#8221;0&#8243; overlay_alpha=&#8221;50&#8243; equal_height=&#8221;yes&#8221; gutter_size=&#8221;0&#8243; column_width_percent=&#8221;100&#8243; shift_y=&#8221;0&#8243; z_index=&#8221;0&#8243; content_parallax=&#8221;0&#8243; css=&#8221;.vc_custom_1737965064059{border-top-width: 0px !important;}&#8221; uncode_shortcode_id=&#8221;440227&#8243;][vc_column column_width_percent=&#8221;100&#8243; gutter_size=&#8221;3&#8243; override_padding=&#8221;yes&#8221; column_padding=&#8221;3&#8243; overlay_alpha=&#8221;50&#8243; shift_x=&#8221;0&#8243; shift_y=&#8221;0&#8243; shift_y_down=&#8221;0&#8243; z_index=&#8221;0&#8243; medium_width=&#8221;0&#8243; mobile_width=&#8221;0&#8243; css_animation=&#8221;alpha-anim&#8221; animation_delay=&#8221;200&#8243; sticky=&#8221;yes&#8221; width=&#8221;1\/2&#8243; uncode_shortcode_id=&#8221;144160&#8243;][vc_custom_heading text_size=&#8221;h3&#8243; uncode_shortcode_id=&#8221;517340&#8243;]Not\u00edcies destacades[\/vc_custom_heading][uncode_index el_id=&#8221;index-1&#8243; index_type=&#8221;carousel&#8221; loop=&#8221;size:All|order_by:date|post_type:post|categories:12|taxonomy_count:10&#8243; carousel_lg=&#8221;2&#8243; carousel_md=&#8221;2&#8243; carousel_sm=&#8221;1&#8243; thumb_size=&#8221;one-one&#8221; gutter_size=&#8221;3&#8243; post_items=&#8221;media|featured|onpost|poster,title,text|full|130&#8243; carousel_type=&#8221;fade&#8221; carousel_interval=&#8221;0&#8243; carousel_navspeed=&#8221;200&#8243; advanced_nav=&#8221;yes&#8221; el_id1=&#8221;index-1&#8243; stage_padding=&#8221;0&#8243; single_shape=&#8221;round&#8221; radius=&#8221;xs&#8221; single_overlay_color=&#8221;color-wayh&#8221; single_overlay_opacity=&#8221;50&#8243; single_padding=&#8221;2&#8243; single_title_dimension=&#8221;h5&#8243; single_shadow=&#8221;yes&#8221; single_border=&#8221;yes&#8221; single_icon=&#8221;fa fa-plus2&#8243; uncode_shortcode_id=&#8221;172040&#8243;][uncode_carousel_nav skin=&#8221;light&#8221; padding=&#8221;0&#8243; h_align=&#8221;center&#8221; hide_arrows=&#8221;yes&#8221; dots_style=&#8221;lines&#8221; hide_counter=&#8221;yes&#8221; uncode_shortcode_id=&#8221;148449&#8243; dot_single_width=&#8221;25&#8243; dot_single_active=&#8221;35&#8243;][\/vc_column][vc_column column_width_percent=&#8221;100&#8243; gutter_size=&#8221;3&#8243; override_padding=&#8221;yes&#8221; column_padding=&#8221;3&#8243; overlay_alpha=&#8221;50&#8243; border_color=&#8221;color-gyho&#8221; border_style=&#8221;solid&#8221; shift_x=&#8221;0&#8243; shift_y=&#8221;0&#8243; shift_y_down=&#8221;0&#8243; z_index=&#8221;0&#8243; medium_width=&#8221;0&#8243; mobile_width=&#8221;0&#8243; css_animation=&#8221;alpha-anim&#8221; animation_delay=&#8221;200&#8243; width=&#8221;1\/2&#8243; css=&#8221;.vc_custom_1730985246004{border-right-width: 1px !important;border-left-width: 1px !important;}&#8221; uncode_shortcode_id=&#8221;153711&#8243; border_color_type=&#8221;uncode-palette&#8221;][vc_custom_heading text_size=&#8221;h3&#8243; uncode_shortcode_id=&#8221;198592&#8243;]Altres not\u00edcies[\/vc_custom_heading][uncode_index el_id=&#8221;index-2&#8243; isotope_mode=&#8221;fitRows&#8221; loop=&#8221;size:6|order_by:date|post_type:post|taxonomy_count:10&#8243; screen_lg=&#8221;480&#8243; screen_md=&#8221;480&#8243; screen_sm=&#8221;480&#8243; gutter_size=&#8221;3&#8243; post_items=&#8221;media|featured|onpost|original,title,text|full|120&#8243; infinite=&#8221;yes&#8221; infinite_button=&#8221;icon&#8221; single_text=&#8221;lateral&#8221; single_width=&#8221;6&#8243; images_size=&#8221;one-one&#8221; single_image_size=&#8221;5&#8243; single_shape=&#8221;round&#8221; radius=&#8221;xs&#8221; single_overlay_color=&#8221;color-wayh&#8221; single_overlay_opacity=&#8221;50&#8243; single_padding=&#8221;1&#8243; single_title_dimension=&#8221;h6&#8243; single_border=&#8221;yes&#8221; single_icon=&#8221;fa fa-plus2&#8243; uncode_shortcode_id=&#8221;251238&#8243;][\/vc_column][\/vc_row]<\/p>\n<\/div>","protected":false},"excerpt":{"rendered":"<p>[vc_row unlock_row_content=&#8221;yes&#8221; row_height_percent=&#8221;0&#8243; override_padding=&#8221;yes&#8221; h_padding=&#8221;4&#8243; top_padding=&#8221;4&#8243; bottom_padding=&#8221;0&#8243; back_image=&#8221;33&#8243; overlay_color=&#8221;color-nhtu&#8221; overlay_alpha=&#8221;20&#8243; gutter_size=&#8221;3&#8243; column_width_percent=&#8221;100&#8243; shift_y=&#8221;0&#8243; z_index=&#8221;0&#8243; top_divider=&#8221;triangle&#8221; enable_bottom_divider=&#8221;default&#8221; bottom_divider_inv=&#8221;triangle&#8221; shape_bottom_invert=&#8221;yes&#8221; shape_bottom_h_use_pixel=&#8221;&#8221; shape_bottom_height=&#8221;150&#8243; [&hellip;]<\/p>\n","protected":false},"author":1,"featured_media":0,"parent":0,"menu_order":0,"comment_status":"closed","ping_status":"closed","template":"","meta":{"footnotes":""},"class_list":["post-1133","page","type-page","status-publish","hentry"],"yoast_head":"<!-- This site is optimized with the Yoast SEO Premium plugin v27.3 (Yoast SEO v27.5) - https:\/\/yoast.com\/product\/yoast-seo-premium-wordpress\/ -->\n<title>Not\u00edcies - NiX Grupo de Seguridad<\/title>\n<meta name=\"description\" content=\"Blog de NiX experts en seguretat. \u00daltimes not\u00edcies i consells per sentir-te protegit en tot moment. Per particulars i empreses.\" \/>\n<meta name=\"robots\" content=\"index, follow, max-snippet:-1, max-image-preview:large, max-video-preview:-1\" \/>\n<link rel=\"canonical\" href=\"https:\/\/nix.cat\/ca\/noticies\/\" \/>\n<meta property=\"og:locale\" content=\"ca_ES\" \/>\n<meta property=\"og:type\" content=\"article\" \/>\n<meta property=\"og:title\" content=\"Not\u00edcies\" \/>\n<meta property=\"og:description\" content=\"Blog de NiX experts en seguretat. \u00daltimes not\u00edcies i consells per sentir-te protegit en tot moment. Per particulars i empreses.\" \/>\n<meta property=\"og:url\" content=\"https:\/\/nix.cat\/ca\/noticies\/\" \/>\n<meta property=\"og:site_name\" content=\"NiX Grupo de Seguridad\" \/>\n<meta property=\"article:publisher\" content=\"https:\/\/www.facebook.com\/nixgrupdeseguretat\/\" \/>\n<meta property=\"article:modified_time\" content=\"2025-02-06T15:11:42+00:00\" \/>\n<meta property=\"og:image\" content=\"https:\/\/nix.cat\/wp-content\/uploads\/2024\/07\/nix_logo.png\" \/>\n\t<meta property=\"og:image:width\" content=\"500\" \/>\n\t<meta property=\"og:image:height\" content=\"500\" \/>\n\t<meta property=\"og:image:type\" content=\"image\/png\" \/>\n<meta name=\"twitter:card\" content=\"summary_large_image\" \/>\n<meta name=\"twitter:image\" content=\"https:\/\/nix.cat\/wp-content\/uploads\/2024\/07\/nix_logo.png\" \/>\n<meta name=\"twitter:site\" content=\"@NIXseguretat\" \/>\n<meta name=\"twitter:label1\" content=\"Temps estimat de lectura\" \/>\n\t<meta name=\"twitter:data1\" content=\"1 minut\" \/>\n<script type=\"application\/ld+json\" class=\"yoast-schema-graph\">{\"@context\":\"https:\\\/\\\/schema.org\",\"@graph\":[{\"@type\":\"WebPage\",\"@id\":\"https:\\\/\\\/nix.cat\\\/ca\\\/noticies\\\/\",\"url\":\"https:\\\/\\\/nix.cat\\\/ca\\\/noticies\\\/\",\"name\":\"Not\u00edcies - NiX Grupo de Seguridad\",\"isPartOf\":{\"@id\":\"https:\\\/\\\/nix.cat\\\/#website\"},\"datePublished\":\"2024-11-07T11:15:18+00:00\",\"dateModified\":\"2025-02-06T15:11:42+00:00\",\"description\":\"Blog de NiX experts en seguretat. \u00daltimes not\u00edcies i consells per sentir-te protegit en tot moment. Per particulars i empreses.\",\"breadcrumb\":{\"@id\":\"https:\\\/\\\/nix.cat\\\/ca\\\/noticies\\\/#breadcrumb\"},\"inLanguage\":\"ca\",\"potentialAction\":[{\"@type\":\"ReadAction\",\"target\":[\"https:\\\/\\\/nix.cat\\\/ca\\\/noticies\\\/\"]}]},{\"@type\":\"BreadcrumbList\",\"@id\":\"https:\\\/\\\/nix.cat\\\/ca\\\/noticies\\\/#breadcrumb\",\"itemListElement\":[{\"@type\":\"ListItem\",\"position\":1,\"name\":\"Portada\",\"item\":\"https:\\\/\\\/nix.cat\\\/ca\\\/\"},{\"@type\":\"ListItem\",\"position\":2,\"name\":\"Not\u00edcies\"}]},{\"@type\":\"WebSite\",\"@id\":\"https:\\\/\\\/nix.cat\\\/#website\",\"url\":\"https:\\\/\\\/nix.cat\\\/\",\"name\":\"NiX Grupo de Seguridad\",\"description\":\"Alarmas para Particulares y Empresas\",\"publisher\":{\"@id\":\"https:\\\/\\\/nix.cat\\\/#organization\"},\"potentialAction\":[{\"@type\":\"SearchAction\",\"target\":{\"@type\":\"EntryPoint\",\"urlTemplate\":\"https:\\\/\\\/nix.cat\\\/?s={search_term_string}\"},\"query-input\":{\"@type\":\"PropertyValueSpecification\",\"valueRequired\":true,\"valueName\":\"search_term_string\"}}],\"inLanguage\":\"ca\"},{\"@type\":\"Organization\",\"@id\":\"https:\\\/\\\/nix.cat\\\/#organization\",\"name\":\"NiX Grup de Seguretat\",\"alternateName\":\"NiX\",\"url\":\"https:\\\/\\\/nix.cat\\\/\",\"logo\":{\"@type\":\"ImageObject\",\"inLanguage\":\"ca\",\"@id\":\"https:\\\/\\\/nix.cat\\\/#\\\/schema\\\/logo\\\/image\\\/\",\"url\":\"https:\\\/\\\/nix.cat\\\/wp-content\\\/uploads\\\/2024\\\/10\\\/logo1-5.png\",\"contentUrl\":\"https:\\\/\\\/nix.cat\\\/wp-content\\\/uploads\\\/2024\\\/10\\\/logo1-5.png\",\"width\":100,\"height\":100,\"caption\":\"NiX Grup de Seguretat\"},\"image\":{\"@id\":\"https:\\\/\\\/nix.cat\\\/#\\\/schema\\\/logo\\\/image\\\/\"},\"sameAs\":[\"https:\\\/\\\/www.facebook.com\\\/nixgrupdeseguretat\\\/\",\"https:\\\/\\\/x.com\\\/NIXseguretat\",\"https:\\\/\\\/www.linkedin.com\\\/company\\\/10975377\\\/\"],\"description\":\"M\u00e1s de 40 a\u00f1os instalando y manteniendo sistemas de seguridad en Barcelona y Catalu\u00f1a. Alarmas, videovigilancia, control de accesos y antiincendios a medida.\",\"email\":\"nix@nix.cat\",\"telephone\":\"93 870 13 00\"}]}<\/script>\n<!-- \/ Yoast SEO Premium plugin. -->","yoast_head_json":{"title":"Not\u00edcies - NiX Grupo de Seguridad","description":"Blog de NiX experts en seguretat. \u00daltimes not\u00edcies i consells per sentir-te protegit en tot moment. Per particulars i empreses.","robots":{"index":"index","follow":"follow","max-snippet":"max-snippet:-1","max-image-preview":"max-image-preview:large","max-video-preview":"max-video-preview:-1"},"canonical":"https:\/\/nix.cat\/ca\/noticies\/","og_locale":"ca_ES","og_type":"article","og_title":"Not\u00edcies","og_description":"Blog de NiX experts en seguretat. \u00daltimes not\u00edcies i consells per sentir-te protegit en tot moment. Per particulars i empreses.","og_url":"https:\/\/nix.cat\/ca\/noticies\/","og_site_name":"NiX Grupo de Seguridad","article_publisher":"https:\/\/www.facebook.com\/nixgrupdeseguretat\/","article_modified_time":"2025-02-06T15:11:42+00:00","og_image":[{"width":500,"height":500,"url":"https:\/\/nix.cat\/wp-content\/uploads\/2024\/07\/nix_logo.png","type":"image\/png"}],"twitter_card":"summary_large_image","twitter_image":"https:\/\/nix.cat\/wp-content\/uploads\/2024\/07\/nix_logo.png","twitter_site":"@NIXseguretat","twitter_misc":{"Temps estimat de lectura":"1 minut"},"schema":{"@context":"https:\/\/schema.org","@graph":[{"@type":"WebPage","@id":"https:\/\/nix.cat\/ca\/noticies\/","url":"https:\/\/nix.cat\/ca\/noticies\/","name":"Not\u00edcies - NiX Grupo de Seguridad","isPartOf":{"@id":"https:\/\/nix.cat\/#website"},"datePublished":"2024-11-07T11:15:18+00:00","dateModified":"2025-02-06T15:11:42+00:00","description":"Blog de NiX experts en seguretat. \u00daltimes not\u00edcies i consells per sentir-te protegit en tot moment. Per particulars i empreses.","breadcrumb":{"@id":"https:\/\/nix.cat\/ca\/noticies\/#breadcrumb"},"inLanguage":"ca","potentialAction":[{"@type":"ReadAction","target":["https:\/\/nix.cat\/ca\/noticies\/"]}]},{"@type":"BreadcrumbList","@id":"https:\/\/nix.cat\/ca\/noticies\/#breadcrumb","itemListElement":[{"@type":"ListItem","position":1,"name":"Portada","item":"https:\/\/nix.cat\/ca\/"},{"@type":"ListItem","position":2,"name":"Not\u00edcies"}]},{"@type":"WebSite","@id":"https:\/\/nix.cat\/#website","url":"https:\/\/nix.cat\/","name":"NiX Grupo de Seguridad","description":"Alarmas para Particulares y Empresas","publisher":{"@id":"https:\/\/nix.cat\/#organization"},"potentialAction":[{"@type":"SearchAction","target":{"@type":"EntryPoint","urlTemplate":"https:\/\/nix.cat\/?s={search_term_string}"},"query-input":{"@type":"PropertyValueSpecification","valueRequired":true,"valueName":"search_term_string"}}],"inLanguage":"ca"},{"@type":"Organization","@id":"https:\/\/nix.cat\/#organization","name":"NiX Grup de Seguretat","alternateName":"NiX","url":"https:\/\/nix.cat\/","logo":{"@type":"ImageObject","inLanguage":"ca","@id":"https:\/\/nix.cat\/#\/schema\/logo\/image\/","url":"https:\/\/nix.cat\/wp-content\/uploads\/2024\/10\/logo1-5.png","contentUrl":"https:\/\/nix.cat\/wp-content\/uploads\/2024\/10\/logo1-5.png","width":100,"height":100,"caption":"NiX Grup de Seguretat"},"image":{"@id":"https:\/\/nix.cat\/#\/schema\/logo\/image\/"},"sameAs":["https:\/\/www.facebook.com\/nixgrupdeseguretat\/","https:\/\/x.com\/NIXseguretat","https:\/\/www.linkedin.com\/company\/10975377\/"],"description":"M\u00e1s de 40 a\u00f1os instalando y manteniendo sistemas de seguridad en Barcelona y Catalu\u00f1a. Alarmas, videovigilancia, control de accesos y antiincendios a medida.","email":"nix@nix.cat","telephone":"93 870 13 00"}]}},"_links":{"self":[{"href":"https:\/\/nix.cat\/ca\/wp-json\/wp\/v2\/pages\/1133","targetHints":{"allow":["GET"]}}],"collection":[{"href":"https:\/\/nix.cat\/ca\/wp-json\/wp\/v2\/pages"}],"about":[{"href":"https:\/\/nix.cat\/ca\/wp-json\/wp\/v2\/types\/page"}],"author":[{"embeddable":true,"href":"https:\/\/nix.cat\/ca\/wp-json\/wp\/v2\/users\/1"}],"replies":[{"embeddable":true,"href":"https:\/\/nix.cat\/ca\/wp-json\/wp\/v2\/comments?post=1133"}],"version-history":[{"count":1,"href":"https:\/\/nix.cat\/ca\/wp-json\/wp\/v2\/pages\/1133\/revisions"}],"predecessor-version":[{"id":1727,"href":"https:\/\/nix.cat\/ca\/wp-json\/wp\/v2\/pages\/1133\/revisions\/1727"}],"wp:attachment":[{"href":"https:\/\/nix.cat\/ca\/wp-json\/wp\/v2\/media?parent=1133"}],"curies":[{"name":"wp","href":"https:\/\/api.w.org\/{rel}","templated":true}]}}