{"id":1387,"date":"2024-12-04T11:10:13","date_gmt":"2024-12-04T10:10:13","guid":{"rendered":"https:\/\/nix.cat\/aviso-legal\/"},"modified":"2025-01-29T15:28:11","modified_gmt":"2025-01-29T14:28:11","slug":"avis-legal","status":"publish","type":"page","link":"https:\/\/nix.cat\/ca\/avis-legal\/","title":{"rendered":"Av\u00eds Legal"},"content":{"rendered":"<div class=\"wpb-content-wrapper\"><p>[vc_row row_height_percent=&#8221;0&#8243; override_padding=&#8221;yes&#8221; h_padding=&#8221;2&#8243; top_padding=&#8221;2&#8243; bottom_padding=&#8221;1&#8243; overlay_alpha=&#8221;50&#8243; gutter_size=&#8221;3&#8243; column_width_percent=&#8221;100&#8243; shift_y=&#8221;0&#8243; z_index=&#8221;0&#8243; content_parallax=&#8221;0&#8243; uncode_shortcode_id=&#8221;849602&#8243;][vc_column column_width_percent=&#8221;100&#8243; gutter_size=&#8221;2&#8243; overlay_alpha=&#8221;50&#8243; shift_x=&#8221;0&#8243; shift_y=&#8221;0&#8243; shift_y_down=&#8221;0&#8243; z_index=&#8221;0&#8243; medium_width=&#8221;0&#8243; mobile_width=&#8221;0&#8243; width=&#8221;1\/1&#8243; uncode_shortcode_id=&#8221;696155&#8243;][vc_custom_heading heading_semantic=&#8221;h1&#8243; uncode_shortcode_id=&#8221;950769&#8243;]Av\u00eds Legal[\/vc_custom_heading][\/vc_column][\/vc_row][vc_row][vc_column width=&#8221;1\/1&#8243;][vc_column_text uncode_shortcode_id=&#8221;719261&#8243;]El present Av\u00eds Legal t\u00e9 com a finalitat establir i regular les normes d&#8217;\u00fas del Lloc <a title=\"nix\" href=\"https:\/\/nixgrup.com\/\" target=\"_new\" rel=\"noopener\">https:\/\/nixgrup.com\/<\/a> (en endavant, el &#8220;Lloc&#8221;), entenent com a tal totes les p\u00e0gines i continguts propietat de Nix Grup de Seguretat, S.L., als quals s&#8217;accedeix a trav\u00e9s de la web esmentada.<\/p>\n<p>L&#8217;\u00fas del Lloc atribueix la condici\u00f3 d&#8217;Usuari del mateix i implica l&#8217;acceptaci\u00f3 de totes les condicions incloses en aquest Av\u00eds Legal, comprometent-se l&#8217;usuari a llegir aquest Av\u00eds atentament cada vegada que utilitzi el Lloc, at\u00e8s que les condicions d&#8217;\u00fas del present Av\u00eds Legal poden patir modificacions.<\/p>\n<p>L&#8217;usuari queda informat i accepta que l&#8217;acc\u00e9s al Lloc no suposa, per si mateix, l&#8217;inici d&#8217;una relaci\u00f3 contractual o d&#8217;un altre tipus amb Nix Grup de Seguretat, S.L.<\/p>\n<p><strong>1.- TITULARITAT DEL LLOC WEB<\/strong><\/p>\n<ul>\n<li>Ra\u00f3 Social: Nix Grup de Seguretat, S.L.<\/li>\n<li>B59837674.<\/li>\n<li>Domicili social: C\/ Aiguafreda N.\u00ba 8 Nau 1, 08480 L\u2019Ametlla del Vall\u00e8s (Barcelona).<\/li>\n<li>Correu Delegat de Protecci\u00f3 de Dades: dpo@lexcam.es.<\/li>\n<\/ul>\n<p>Nix Grup de Seguretat, S.L. \u00e9s una companyia espanyola inscrita al Registre Mercantil de Barcelona al Tom 21.119, Foli 97, Secci\u00f3 B, Fulla 17.130.<\/p>\n<p>Nix Grup de Seguretat, S.L. \u00e9s una empresa autoritzada per a la instal\u00b7laci\u00f3 i manteniment de sistemes de seguretat electr\u00f2nica pel Ministeri de l&#8217;Interior, tal com exigeix la Llei 5\/2014, de 4 d&#8217;abril, de Seguretat Privada, i es troba inscrita amb el n\u00famero 2180 al registre que a aquest efecte disposa la Direcci\u00f3 General de la Policia.<\/p>\n<p><strong>2.- OBJECTE<\/strong><\/p>\n<p>Aquest Av\u00eds Legal t\u00e9 per objecte descriure les condicions legals aplicables a l&#8217;acc\u00e9s per part de l&#8217;Usuari a la informaci\u00f3 continguda al Lloc Web, aix\u00ed com complir amb les obligacions establertes a la Llei 34\/2002, de Serveis de la Societat de la Informaci\u00f3 i del Comer\u00e7 Electr\u00f2nic (LSSI-CE).<\/p>\n<p><strong>3.- CONTINGUT, EXACTITUD I ACTUALITZACI\u00d3<\/strong><\/p>\n<p>Nix realitza revisions peri\u00f2diques dels continguts i informaci\u00f3 publicats al Lloc. Tot i aix\u00f2, existeix la possibilitat que no es tingui const\u00e0ncia de la inexactitud de la informaci\u00f3 o activitat a la qual es remeten, per la qual cosa es prega que, en cas de detectar alguna incoher\u00e8ncia, es comuniqui immediatament a Nix, amb l&#8217;objectiu de procedir amb dilig\u00e8ncia a la supressi\u00f3 o inutilitzaci\u00f3 de l&#8217;enlla\u00e7 o contingut corresponent. Nix tampoc pot controlar l&#8217;\u00fas que l&#8217;Usuari fa de la informaci\u00f3 publicada i, per tant, no ser\u00e0 responsable de cap tipus de danys o perjudicis, ja siguin directes o indirectes, que puguin derivar-se de l&#8217;\u00fas d&#8217;aquesta informaci\u00f3.<\/p>\n<p>Nix realitza un manteniment exhaustiu de la p\u00e0gina web perqu\u00e8 l&#8217;acc\u00e9s als serveis i continguts estigui sempre disponible. No obstant aix\u00f2, l&#8217;Usuari accepta que poden existir interrupcions, programades per millorar el rendiment de la p\u00e0gina o amb finalitats similars, o accidentals per causes externes a Nix o que aquesta no pugui controlar.<\/p>\n<p><strong>4.- PROPIETAT INTEL\u00b7LECTUAL I INDUSTRIAL<\/strong><\/p>\n<p>Els drets de propietat intel\u00b7lectual d&#8217;aquest lloc s\u00f3n titularitat de Nix, o de tercers amb autoritzaci\u00f3 quan sigui necess\u00e0ria. Aix\u00ed mateix, la reproducci\u00f3, distribuci\u00f3, comercialitzaci\u00f3 o transformaci\u00f3, total o parcial, no autoritzada del contingut del Lloc constitueix una infracci\u00f3 dels Drets de Propietat Intel\u00b7lectual de Nix. Igualment, totes les marques o signes distintius continguts al Lloc, siguin del tipus que siguin, estan protegits per la Llei.<\/p>\n<p>L&#8217;\u00fas no autoritzat de la informaci\u00f3 continguda en aquest Lloc, aix\u00ed com els perjudicis ocasionats en els drets de propietat intel\u00b7lectual i industrial de Nix, poden donar lloc a l&#8217;exercici de les accions que legalment corresponguin i, si escau, a les responsabilitats derivades d&#8217;aquest exercici.<\/p>\n<p><strong>5.- EXCLUSI\u00d3 DE RESPONSABILITAT<\/strong><\/p>\n<p>Nix declina qualsevol responsabilitat pels eventuals danys i perjudicis que puguin ser ocasionats per la manca de disponibilitat i\/o continu\u00eftat d&#8217;aquest Lloc i dels serveis que s&#8217;hi ofereixen.<\/p>\n<p>Nix no garanteix l&#8217;abs\u00e8ncia de virus ni d&#8217;altres elements al web que puguin produir alteracions en el sistema inform\u00e0tic, aix\u00ed com declina qualsevol responsabilitat derivada de la prestaci\u00f3 de serveis i\/o informaci\u00f3 en un altre Lloc enlla\u00e7at amb aquest. Nix no controla ni exerceix cap tipus de supervisi\u00f3 en Llocs Web de tercers. En aquest sentit, recomanem als usuaris actuar amb cautela i prud\u00e8ncia, consultant les eventuals condicions legals que es mostrin en aquestes webs.<\/p>\n<p>Els usuaris que remetin qualsevol tipus d&#8217;informaci\u00f3 a Nix es comprometen que aquesta sigui vera\u00e7 i que no vulneri cap dret de tercers ni la legalitat vigent.<\/p>\n<p><strong>6.- POL\u00cdTICA DE PRIVACITAT<\/strong><\/p>\n<p>Si voleu accedir a m\u00e9s informaci\u00f3 sobre el tractament de les vostres dades personals, podeu dirigir-vos a la Pol\u00edtica de Privacitat.<\/p>\n<p><strong>7.- POL\u00cdTICA DE COOKIES<\/strong><\/p>\n<p>Si voleu accedir a m\u00e9s informaci\u00f3 sobre l&#8217;\u00fas de cookies al Lloc, podeu dirigir-vos a la Pol\u00edtica de Cookies.<\/p>\n<p><strong>8.- LEGISLACI\u00d3 APLICABLE<\/strong><\/p>\n<p>El present Av\u00eds Legal es regeix en tots i cadascun dels seus aspectes per la legislaci\u00f3 espanyola.[\/vc_column_text][\/vc_column][\/vc_row]<\/p>\n<\/div>","protected":false},"excerpt":{"rendered":"<p>[vc_row row_height_percent=&#8221;0&#8243; override_padding=&#8221;yes&#8221; h_padding=&#8221;2&#8243; top_padding=&#8221;2&#8243; bottom_padding=&#8221;1&#8243; overlay_alpha=&#8221;50&#8243; gutter_size=&#8221;3&#8243; column_width_percent=&#8221;100&#8243; shift_y=&#8221;0&#8243; z_index=&#8221;0&#8243; content_parallax=&#8221;0&#8243; uncode_shortcode_id=&#8221;849602&#8243;][vc_column column_width_percent=&#8221;100&#8243; gutter_size=&#8221;2&#8243; overlay_alpha=&#8221;50&#8243; shift_x=&#8221;0&#8243; shift_y=&#8221;0&#8243; shift_y_down=&#8221;0&#8243; z_index=&#8221;0&#8243; [&hellip;]<\/p>\n","protected":false},"author":1,"featured_media":0,"parent":0,"menu_order":0,"comment_status":"closed","ping_status":"closed","template":"","meta":{"footnotes":""},"class_list":["post-1387","page","type-page","status-publish","hentry"],"yoast_head":"<!-- This site is optimized with the Yoast SEO Premium plugin v27.3 (Yoast SEO v27.5) - https:\/\/yoast.com\/product\/yoast-seo-premium-wordpress\/ -->\n<title>Av\u00eds Legal - NiX Grupo de Seguridad<\/title>\n<meta name=\"description\" content=\"L\u2019\u00fas del Lloc atribueix la condici\u00f3 d\u2019Usuari del mateix i implica l\u2019acceptaci\u00f3 de totes les condicions incloses en aquest Av\u00eds Legal...\" \/>\n<meta name=\"robots\" content=\"noindex, nofollow\" \/>\n<meta property=\"og:locale\" content=\"ca_ES\" \/>\n<meta property=\"og:type\" content=\"article\" \/>\n<meta property=\"og:title\" content=\"Av\u00eds Legal\" \/>\n<meta property=\"og:description\" content=\"L\u2019\u00fas del Lloc atribueix la condici\u00f3 d\u2019Usuari del mateix i implica l\u2019acceptaci\u00f3 de totes les condicions incloses en aquest Av\u00eds Legal...\" \/>\n<meta property=\"og:url\" content=\"https:\/\/nix.cat\/ca\/avis-legal\/\" \/>\n<meta property=\"og:site_name\" content=\"NiX Grupo de Seguridad\" \/>\n<meta property=\"article:publisher\" content=\"https:\/\/www.facebook.com\/nixgrupdeseguretat\/\" \/>\n<meta property=\"article:modified_time\" content=\"2025-01-29T14:28:11+00:00\" \/>\n<meta property=\"og:image\" content=\"https:\/\/nix.cat\/wp-content\/uploads\/2024\/07\/nix_logo.png\" \/>\n\t<meta property=\"og:image:width\" content=\"500\" \/>\n\t<meta property=\"og:image:height\" content=\"500\" \/>\n\t<meta property=\"og:image:type\" content=\"image\/png\" \/>\n<meta name=\"twitter:card\" content=\"summary_large_image\" \/>\n<meta name=\"twitter:image\" content=\"https:\/\/nix.cat\/wp-content\/uploads\/2024\/07\/nix_logo.png\" \/>\n<meta name=\"twitter:site\" content=\"@NIXseguretat\" \/>\n<meta name=\"twitter:label1\" content=\"Temps estimat de lectura\" \/>\n\t<meta name=\"twitter:data1\" content=\"4 minuts\" \/>\n<script type=\"application\/ld+json\" class=\"yoast-schema-graph\">{\"@context\":\"https:\\\/\\\/schema.org\",\"@graph\":[{\"@type\":\"WebPage\",\"@id\":\"https:\\\/\\\/nix.cat\\\/ca\\\/avis-legal\\\/\",\"url\":\"https:\\\/\\\/nix.cat\\\/ca\\\/avis-legal\\\/\",\"name\":\"Av\u00eds Legal - NiX Grupo de Seguridad\",\"isPartOf\":{\"@id\":\"https:\\\/\\\/nix.cat\\\/#website\"},\"datePublished\":\"2024-12-04T10:10:13+00:00\",\"dateModified\":\"2025-01-29T14:28:11+00:00\",\"description\":\"L\u2019\u00fas del Lloc atribueix la condici\u00f3 d\u2019Usuari del mateix i implica l\u2019acceptaci\u00f3 de totes les condicions incloses en aquest Av\u00eds Legal...\",\"breadcrumb\":{\"@id\":\"https:\\\/\\\/nix.cat\\\/ca\\\/avis-legal\\\/#breadcrumb\"},\"inLanguage\":\"ca\",\"potentialAction\":[{\"@type\":\"ReadAction\",\"target\":[\"https:\\\/\\\/nix.cat\\\/ca\\\/avis-legal\\\/\"]}]},{\"@type\":\"BreadcrumbList\",\"@id\":\"https:\\\/\\\/nix.cat\\\/ca\\\/avis-legal\\\/#breadcrumb\",\"itemListElement\":[{\"@type\":\"ListItem\",\"position\":1,\"name\":\"Portada\",\"item\":\"https:\\\/\\\/nix.cat\\\/ca\\\/\"},{\"@type\":\"ListItem\",\"position\":2,\"name\":\"Av\u00eds Legal\"}]},{\"@type\":\"WebSite\",\"@id\":\"https:\\\/\\\/nix.cat\\\/#website\",\"url\":\"https:\\\/\\\/nix.cat\\\/\",\"name\":\"NiX Grupo de Seguridad\",\"description\":\"Alarmas para Particulares y Empresas\",\"publisher\":{\"@id\":\"https:\\\/\\\/nix.cat\\\/#organization\"},\"potentialAction\":[{\"@type\":\"SearchAction\",\"target\":{\"@type\":\"EntryPoint\",\"urlTemplate\":\"https:\\\/\\\/nix.cat\\\/?s={search_term_string}\"},\"query-input\":{\"@type\":\"PropertyValueSpecification\",\"valueRequired\":true,\"valueName\":\"search_term_string\"}}],\"inLanguage\":\"ca\"},{\"@type\":\"Organization\",\"@id\":\"https:\\\/\\\/nix.cat\\\/#organization\",\"name\":\"NiX Grup de Seguretat\",\"alternateName\":\"NiX\",\"url\":\"https:\\\/\\\/nix.cat\\\/\",\"logo\":{\"@type\":\"ImageObject\",\"inLanguage\":\"ca\",\"@id\":\"https:\\\/\\\/nix.cat\\\/#\\\/schema\\\/logo\\\/image\\\/\",\"url\":\"https:\\\/\\\/nix.cat\\\/wp-content\\\/uploads\\\/2024\\\/10\\\/logo1-5.png\",\"contentUrl\":\"https:\\\/\\\/nix.cat\\\/wp-content\\\/uploads\\\/2024\\\/10\\\/logo1-5.png\",\"width\":100,\"height\":100,\"caption\":\"NiX Grup de Seguretat\"},\"image\":{\"@id\":\"https:\\\/\\\/nix.cat\\\/#\\\/schema\\\/logo\\\/image\\\/\"},\"sameAs\":[\"https:\\\/\\\/www.facebook.com\\\/nixgrupdeseguretat\\\/\",\"https:\\\/\\\/x.com\\\/NIXseguretat\",\"https:\\\/\\\/www.linkedin.com\\\/company\\\/10975377\\\/\"],\"description\":\"M\u00e1s de 40 a\u00f1os instalando y manteniendo sistemas de seguridad en Barcelona y Catalu\u00f1a. Alarmas, videovigilancia, control de accesos y antiincendios a medida.\",\"email\":\"nix@nix.cat\",\"telephone\":\"93 870 13 00\"}]}<\/script>\n<!-- \/ Yoast SEO Premium plugin. -->","yoast_head_json":{"title":"Av\u00eds Legal - NiX Grupo de Seguridad","description":"L\u2019\u00fas del Lloc atribueix la condici\u00f3 d\u2019Usuari del mateix i implica l\u2019acceptaci\u00f3 de totes les condicions incloses en aquest Av\u00eds Legal...","robots":{"index":"noindex","follow":"nofollow"},"og_locale":"ca_ES","og_type":"article","og_title":"Av\u00eds Legal","og_description":"L\u2019\u00fas del Lloc atribueix la condici\u00f3 d\u2019Usuari del mateix i implica l\u2019acceptaci\u00f3 de totes les condicions incloses en aquest Av\u00eds Legal...","og_url":"https:\/\/nix.cat\/ca\/avis-legal\/","og_site_name":"NiX Grupo de Seguridad","article_publisher":"https:\/\/www.facebook.com\/nixgrupdeseguretat\/","article_modified_time":"2025-01-29T14:28:11+00:00","og_image":[{"width":500,"height":500,"url":"https:\/\/nix.cat\/wp-content\/uploads\/2024\/07\/nix_logo.png","type":"image\/png"}],"twitter_card":"summary_large_image","twitter_image":"https:\/\/nix.cat\/wp-content\/uploads\/2024\/07\/nix_logo.png","twitter_site":"@NIXseguretat","twitter_misc":{"Temps estimat de lectura":"4 minuts"},"schema":{"@context":"https:\/\/schema.org","@graph":[{"@type":"WebPage","@id":"https:\/\/nix.cat\/ca\/avis-legal\/","url":"https:\/\/nix.cat\/ca\/avis-legal\/","name":"Av\u00eds Legal - NiX Grupo de Seguridad","isPartOf":{"@id":"https:\/\/nix.cat\/#website"},"datePublished":"2024-12-04T10:10:13+00:00","dateModified":"2025-01-29T14:28:11+00:00","description":"L\u2019\u00fas del Lloc atribueix la condici\u00f3 d\u2019Usuari del mateix i implica l\u2019acceptaci\u00f3 de totes les condicions incloses en aquest Av\u00eds Legal...","breadcrumb":{"@id":"https:\/\/nix.cat\/ca\/avis-legal\/#breadcrumb"},"inLanguage":"ca","potentialAction":[{"@type":"ReadAction","target":["https:\/\/nix.cat\/ca\/avis-legal\/"]}]},{"@type":"BreadcrumbList","@id":"https:\/\/nix.cat\/ca\/avis-legal\/#breadcrumb","itemListElement":[{"@type":"ListItem","position":1,"name":"Portada","item":"https:\/\/nix.cat\/ca\/"},{"@type":"ListItem","position":2,"name":"Av\u00eds Legal"}]},{"@type":"WebSite","@id":"https:\/\/nix.cat\/#website","url":"https:\/\/nix.cat\/","name":"NiX Grupo de Seguridad","description":"Alarmas para Particulares y Empresas","publisher":{"@id":"https:\/\/nix.cat\/#organization"},"potentialAction":[{"@type":"SearchAction","target":{"@type":"EntryPoint","urlTemplate":"https:\/\/nix.cat\/?s={search_term_string}"},"query-input":{"@type":"PropertyValueSpecification","valueRequired":true,"valueName":"search_term_string"}}],"inLanguage":"ca"},{"@type":"Organization","@id":"https:\/\/nix.cat\/#organization","name":"NiX Grup de Seguretat","alternateName":"NiX","url":"https:\/\/nix.cat\/","logo":{"@type":"ImageObject","inLanguage":"ca","@id":"https:\/\/nix.cat\/#\/schema\/logo\/image\/","url":"https:\/\/nix.cat\/wp-content\/uploads\/2024\/10\/logo1-5.png","contentUrl":"https:\/\/nix.cat\/wp-content\/uploads\/2024\/10\/logo1-5.png","width":100,"height":100,"caption":"NiX Grup de Seguretat"},"image":{"@id":"https:\/\/nix.cat\/#\/schema\/logo\/image\/"},"sameAs":["https:\/\/www.facebook.com\/nixgrupdeseguretat\/","https:\/\/x.com\/NIXseguretat","https:\/\/www.linkedin.com\/company\/10975377\/"],"description":"M\u00e1s de 40 a\u00f1os instalando y manteniendo sistemas de seguridad en Barcelona y Catalu\u00f1a. Alarmas, videovigilancia, control de accesos y antiincendios a medida.","email":"nix@nix.cat","telephone":"93 870 13 00"}]}},"_links":{"self":[{"href":"https:\/\/nix.cat\/ca\/wp-json\/wp\/v2\/pages\/1387","targetHints":{"allow":["GET"]}}],"collection":[{"href":"https:\/\/nix.cat\/ca\/wp-json\/wp\/v2\/pages"}],"about":[{"href":"https:\/\/nix.cat\/ca\/wp-json\/wp\/v2\/types\/page"}],"author":[{"embeddable":true,"href":"https:\/\/nix.cat\/ca\/wp-json\/wp\/v2\/users\/1"}],"replies":[{"embeddable":true,"href":"https:\/\/nix.cat\/ca\/wp-json\/wp\/v2\/comments?post=1387"}],"version-history":[{"count":1,"href":"https:\/\/nix.cat\/ca\/wp-json\/wp\/v2\/pages\/1387\/revisions"}],"predecessor-version":[{"id":1717,"href":"https:\/\/nix.cat\/ca\/wp-json\/wp\/v2\/pages\/1387\/revisions\/1717"}],"wp:attachment":[{"href":"https:\/\/nix.cat\/ca\/wp-json\/wp\/v2\/media?parent=1387"}],"curies":[{"name":"wp","href":"https:\/\/api.w.org\/{rel}","templated":true}]}}