{"id":1392,"date":"2024-12-04T09:01:57","date_gmt":"2024-12-04T08:01:57","guid":{"rendered":"https:\/\/nix.cat\/politica-de-calidad\/"},"modified":"2025-01-29T15:45:17","modified_gmt":"2025-01-29T14:45:17","slug":"politica-de-qualitat","status":"publish","type":"page","link":"https:\/\/nix.cat\/ca\/politica-de-qualitat\/","title":{"rendered":"Pol\u00edtica de Qualitat"},"content":{"rendered":"<div class=\"wpb-content-wrapper\"><p>[vc_row row_height_percent=&#8221;0&#8243; override_padding=&#8221;yes&#8221; h_padding=&#8221;2&#8243; top_padding=&#8221;2&#8243; bottom_padding=&#8221;1&#8243; overlay_alpha=&#8221;50&#8243; gutter_size=&#8221;3&#8243; column_width_percent=&#8221;100&#8243; shift_y=&#8221;0&#8243; z_index=&#8221;0&#8243; content_parallax=&#8221;0&#8243; uncode_shortcode_id=&#8221;729076&#8243;][vc_column column_width_percent=&#8221;100&#8243; gutter_size=&#8221;2&#8243; overlay_alpha=&#8221;50&#8243; shift_x=&#8221;0&#8243; shift_y=&#8221;0&#8243; shift_y_down=&#8221;0&#8243; z_index=&#8221;0&#8243; medium_width=&#8221;0&#8243; mobile_width=&#8221;0&#8243; width=&#8221;1\/1&#8243; uncode_shortcode_id=&#8221;962381&#8243;][vc_custom_heading heading_semantic=&#8221;h1&#8243; uncode_shortcode_id=&#8221;116095&#8243;]Pol\u00edtica de Qualitat[\/vc_custom_heading][\/vc_column][\/vc_row][vc_row][vc_column width=&#8221;1\/1&#8243;][vc_column_text uncode_shortcode_id=&#8221;147999&#8243;]<\/p>\n<div class=\"flex-shrink-0 flex flex-col relative items-end\">\n<div>\n<div class=\"pt-0\">\n<div class=\"gizmo-bot-avatar flex h-8 w-8 items-center justify-center overflow-hidden rounded-full\">\n<div class=\"relative p-1 rounded-sm flex items-center justify-center bg-token-main-surface-primary text-token-text-primary h-8 w-8\">NIX GRUP DE SEGURETAT S.L. \u00e9s una empresa dedicada a la instal\u00b7laci\u00f3 i manteniment de sistemes de seguretat per a empreses i particulars. Des de fa m\u00e9s de 30 anys, desenvolupa activitats d\u2019instal\u00b7laci\u00f3, reparaci\u00f3 i manteniment de sistemes de seguretat i detecci\u00f3 d\u2019incendis.<\/div>\n<\/div>\n<\/div>\n<\/div>\n<\/div>\n<div class=\"group\/conversation-turn relative flex w-full min-w-0 flex-col agent-turn\">\n<div class=\"flex-col gap-1 md:gap-3\">\n<div class=\"flex max-w-full flex-col flex-grow\">\n<div class=\"min-h-8 text-message flex w-full flex-col items-end gap-2 whitespace-normal break-words text-start [.text-message+&amp;]:mt-5\" dir=\"auto\" data-message-author-role=\"assistant\" data-message-id=\"f34d89a8-feca-48a8-954b-1ea707c15990\" data-message-model-slug=\"gpt-4o\">\n<div class=\"flex w-full flex-col gap-1 empty:hidden first:pt-[3px]\">\n<div class=\"markdown prose w-full break-words dark:prose-invert light\">\n<p><strong>Els valors de l\u2019empresa s\u00f3n:<\/strong><\/p>\n<ul>\n<li>La <strong>proximitat<\/strong> amb els nostres clients, siguin particulars o empreses.<\/li>\n<li>La <strong>flexibilitat i adaptaci\u00f3<\/strong> dels nostres productes a les necessitats de cada client.<\/li>\n<li>La nostra prioritat \u00e9s oferir el <strong>m\u00e0xim servei<\/strong> als nostres clients.<\/li>\n<li>Oferir un <strong>producte de qualitat<\/strong>, amb la integraci\u00f3 de la tecnologia m\u00e9s innovadora i l\u2019adaptaci\u00f3 a la normativa vigent.<\/li>\n<li>La <strong>protecci\u00f3 de les dades dels nostres clients<\/strong> com a condici\u00f3 indispensable per <strong>prevenir els riscos<\/strong> de la informaci\u00f3.<\/li>\n<li>L\u2019<strong>experi\u00e8ncia<\/strong> del nostre equip, format t\u00e8cnicament des de fa m\u00e9s de 20 anys.<\/li>\n<\/ul>\n<\/div>\n<\/div>\n<\/div>\n<\/div>\n<\/div>\n<\/div>\n<p><strong>La Direcci\u00f3 de NIX est\u00e0 compromesa amb la qualitat dels nostres productes i serveis al client.<\/strong> Per aquest motiu, destina recursos per posicionar-se com una empresa l\u00edder dins del sector, amb una marca de proximitat i confian\u00e7a cap al client, al qual forma i informa de les \u00faltimes novetats. Per tal de gestionar amb qualitat, s\u2019ha implantat un Sistema de Gesti\u00f3 de Qualitat, segons la Norma Internacional <strong>UNE-EN ISO 9001:2015<\/strong>.<\/p>\n<p>En tots els nostres processos i activitats, tenim en compte els seg\u00fcents principis de gesti\u00f3:<\/p>\n<ul>\n<li>Aconseguir la plena <strong>satisfacci\u00f3 dels nostres clients<\/strong>, aix\u00ed com avan\u00e7ar-nos a futures necessitats dels clients, informant-los dels productes innovadors a trav\u00e9s de campanyes o mitjan\u00e7ant els comercials.<\/li>\n<li>El servei al client \u00e9s la prioritat: proximitat, efici\u00e8ncia i qualitat.<\/li>\n<li>Treballar en la <strong>millora cont\u00ednua<\/strong>, efic\u00e0cia i efici\u00e8ncia dels nostres processos.<\/li>\n<li>Assegurar el <strong>compliment de la legislaci\u00f3 i reglamentaci\u00f3<\/strong> aplicable a les activitats de l\u2019empresa.<\/li>\n<li>Tenir en compte els requisits de les <strong>parts interessades<\/strong> que poden estar relacionades amb l\u2019empresa, aix\u00ed com gestionar qualsevol risc que pugui afectar la continu\u00eftat de l\u2019empresa.<\/li>\n<li>Garantir unes <strong>condicions de treball segures<\/strong>, com a requisit indispensable per a la protecci\u00f3 i prevenci\u00f3 de riscos de les persones que treballen amb nosaltres.<\/li>\n<li>Establir uns <strong>objectius de millora<\/strong> que ens permetin progressar, destinant els recursos i esfor\u00e7os necessaris per aconseguir-los.<\/li>\n<\/ul>\n<p><strong>NIX<\/strong> posa aquesta pol\u00edtica a disposici\u00f3 dels clients, prove\u00efdors i parts interessades, i en fa difusi\u00f3 entre els treballadors i col\u00b7laboradors de l\u2019empresa perqu\u00e8 coneguin i tinguin presents aquests compromisos en les seves tasques i funcions.<\/p>\n<p><em>Direcci\u00f3<br \/>\nL&#8217;Ametlla del Vall\u00e8s, 30 de maig de 2023<\/em>[\/vc_column_text][\/vc_column][\/vc_row]<\/p>\n<\/div>","protected":false},"excerpt":{"rendered":"<p>[vc_row row_height_percent=&#8221;0&#8243; override_padding=&#8221;yes&#8221; h_padding=&#8221;2&#8243; top_padding=&#8221;2&#8243; bottom_padding=&#8221;1&#8243; overlay_alpha=&#8221;50&#8243; gutter_size=&#8221;3&#8243; column_width_percent=&#8221;100&#8243; shift_y=&#8221;0&#8243; z_index=&#8221;0&#8243; content_parallax=&#8221;0&#8243; uncode_shortcode_id=&#8221;729076&#8243;][vc_column column_width_percent=&#8221;100&#8243; gutter_size=&#8221;2&#8243; overlay_alpha=&#8221;50&#8243; shift_x=&#8221;0&#8243; shift_y=&#8221;0&#8243; shift_y_down=&#8221;0&#8243; z_index=&#8221;0&#8243; [&hellip;]<\/p>\n","protected":false},"author":1,"featured_media":0,"parent":0,"menu_order":0,"comment_status":"closed","ping_status":"closed","template":"","meta":{"footnotes":""},"class_list":["post-1392","page","type-page","status-publish","hentry"],"yoast_head":"<!-- This site is optimized with the Yoast SEO Premium plugin v27.3 (Yoast SEO v27.4) - https:\/\/yoast.com\/product\/yoast-seo-premium-wordpress\/ -->\n<title>Pol\u00edtica de Qualitat - NiX Grupo de Seguridad<\/title>\n<meta name=\"description\" content=\"NIX GRUP DE SEGURETAT S.L. \u00e9s una empresa dedicada a la instal\u00b7laci\u00f3 i manteniment de sistemes de seguretat per a empreses i particulars...\" \/>\n<meta name=\"robots\" content=\"noindex, nofollow\" \/>\n<meta property=\"og:locale\" content=\"ca_ES\" \/>\n<meta property=\"og:type\" content=\"article\" \/>\n<meta property=\"og:title\" content=\"Pol\u00edtica de Qualitat\" \/>\n<meta property=\"og:description\" content=\"NIX GRUP DE SEGURETAT S.L. \u00e9s una empresa dedicada a la instal\u00b7laci\u00f3 i manteniment de sistemes de seguretat per a empreses i particulars...\" \/>\n<meta property=\"og:url\" content=\"https:\/\/nix.cat\/ca\/politica-de-qualitat\/\" \/>\n<meta property=\"og:site_name\" content=\"NiX Grupo de Seguridad\" \/>\n<meta property=\"article:publisher\" content=\"https:\/\/www.facebook.com\/nixgrupdeseguretat\/\" \/>\n<meta property=\"article:modified_time\" content=\"2025-01-29T14:45:17+00:00\" \/>\n<meta property=\"og:image\" content=\"https:\/\/nix.cat\/wp-content\/uploads\/2024\/07\/nix_logo.png\" \/>\n\t<meta property=\"og:image:width\" content=\"500\" \/>\n\t<meta property=\"og:image:height\" content=\"500\" \/>\n\t<meta property=\"og:image:type\" content=\"image\/png\" \/>\n<meta name=\"twitter:card\" content=\"summary_large_image\" \/>\n<meta name=\"twitter:image\" content=\"https:\/\/nix.cat\/wp-content\/uploads\/2024\/07\/nix_logo.png\" \/>\n<meta name=\"twitter:site\" content=\"@NIXseguretat\" \/>\n<meta name=\"twitter:label1\" content=\"Temps estimat de lectura\" \/>\n\t<meta name=\"twitter:data1\" content=\"2 minuts\" \/>\n<script type=\"application\/ld+json\" class=\"yoast-schema-graph\">{\"@context\":\"https:\\\/\\\/schema.org\",\"@graph\":[{\"@type\":\"WebPage\",\"@id\":\"https:\\\/\\\/nix.cat\\\/ca\\\/politica-de-qualitat\\\/\",\"url\":\"https:\\\/\\\/nix.cat\\\/ca\\\/politica-de-qualitat\\\/\",\"name\":\"Pol\u00edtica de Qualitat - NiX Grupo de Seguridad\",\"isPartOf\":{\"@id\":\"https:\\\/\\\/nix.cat\\\/#website\"},\"datePublished\":\"2024-12-04T08:01:57+00:00\",\"dateModified\":\"2025-01-29T14:45:17+00:00\",\"description\":\"NIX GRUP DE SEGURETAT S.L. \u00e9s una empresa dedicada a la instal\u00b7laci\u00f3 i manteniment de sistemes de seguretat per a empreses i particulars...\",\"breadcrumb\":{\"@id\":\"https:\\\/\\\/nix.cat\\\/ca\\\/politica-de-qualitat\\\/#breadcrumb\"},\"inLanguage\":\"ca\",\"potentialAction\":[{\"@type\":\"ReadAction\",\"target\":[\"https:\\\/\\\/nix.cat\\\/ca\\\/politica-de-qualitat\\\/\"]}]},{\"@type\":\"BreadcrumbList\",\"@id\":\"https:\\\/\\\/nix.cat\\\/ca\\\/politica-de-qualitat\\\/#breadcrumb\",\"itemListElement\":[{\"@type\":\"ListItem\",\"position\":1,\"name\":\"Portada\",\"item\":\"https:\\\/\\\/nix.cat\\\/ca\\\/\"},{\"@type\":\"ListItem\",\"position\":2,\"name\":\"Pol\u00edtica de Qualitat\"}]},{\"@type\":\"WebSite\",\"@id\":\"https:\\\/\\\/nix.cat\\\/#website\",\"url\":\"https:\\\/\\\/nix.cat\\\/\",\"name\":\"NiX Grupo de Seguridad\",\"description\":\"Alarmas para Particulares y Empresas\",\"publisher\":{\"@id\":\"https:\\\/\\\/nix.cat\\\/#organization\"},\"potentialAction\":[{\"@type\":\"SearchAction\",\"target\":{\"@type\":\"EntryPoint\",\"urlTemplate\":\"https:\\\/\\\/nix.cat\\\/?s={search_term_string}\"},\"query-input\":{\"@type\":\"PropertyValueSpecification\",\"valueRequired\":true,\"valueName\":\"search_term_string\"}}],\"inLanguage\":\"ca\"},{\"@type\":\"Organization\",\"@id\":\"https:\\\/\\\/nix.cat\\\/#organization\",\"name\":\"NiX Grup de Seguretat\",\"alternateName\":\"NiX\",\"url\":\"https:\\\/\\\/nix.cat\\\/\",\"logo\":{\"@type\":\"ImageObject\",\"inLanguage\":\"ca\",\"@id\":\"https:\\\/\\\/nix.cat\\\/#\\\/schema\\\/logo\\\/image\\\/\",\"url\":\"https:\\\/\\\/nix.cat\\\/wp-content\\\/uploads\\\/2024\\\/10\\\/logo1-5.png\",\"contentUrl\":\"https:\\\/\\\/nix.cat\\\/wp-content\\\/uploads\\\/2024\\\/10\\\/logo1-5.png\",\"width\":100,\"height\":100,\"caption\":\"NiX Grup de Seguretat\"},\"image\":{\"@id\":\"https:\\\/\\\/nix.cat\\\/#\\\/schema\\\/logo\\\/image\\\/\"},\"sameAs\":[\"https:\\\/\\\/www.facebook.com\\\/nixgrupdeseguretat\\\/\",\"https:\\\/\\\/x.com\\\/NIXseguretat\",\"https:\\\/\\\/www.linkedin.com\\\/company\\\/10975377\\\/\"],\"description\":\"M\u00e1s de 40 a\u00f1os instalando y manteniendo sistemas de seguridad en Barcelona y Catalu\u00f1a. Alarmas, videovigilancia, control de accesos y antiincendios a medida.\",\"email\":\"nix@nix.cat\",\"telephone\":\"93 870 13 00\"}]}<\/script>\n<!-- \/ Yoast SEO Premium plugin. -->","yoast_head_json":{"title":"Pol\u00edtica de Qualitat - NiX Grupo de Seguridad","description":"NIX GRUP DE SEGURETAT S.L. \u00e9s una empresa dedicada a la instal\u00b7laci\u00f3 i manteniment de sistemes de seguretat per a empreses i particulars...","robots":{"index":"noindex","follow":"nofollow"},"og_locale":"ca_ES","og_type":"article","og_title":"Pol\u00edtica de Qualitat","og_description":"NIX GRUP DE SEGURETAT S.L. \u00e9s una empresa dedicada a la instal\u00b7laci\u00f3 i manteniment de sistemes de seguretat per a empreses i particulars...","og_url":"https:\/\/nix.cat\/ca\/politica-de-qualitat\/","og_site_name":"NiX Grupo de Seguridad","article_publisher":"https:\/\/www.facebook.com\/nixgrupdeseguretat\/","article_modified_time":"2025-01-29T14:45:17+00:00","og_image":[{"width":500,"height":500,"url":"https:\/\/nix.cat\/wp-content\/uploads\/2024\/07\/nix_logo.png","type":"image\/png"}],"twitter_card":"summary_large_image","twitter_image":"https:\/\/nix.cat\/wp-content\/uploads\/2024\/07\/nix_logo.png","twitter_site":"@NIXseguretat","twitter_misc":{"Temps estimat de lectura":"2 minuts"},"schema":{"@context":"https:\/\/schema.org","@graph":[{"@type":"WebPage","@id":"https:\/\/nix.cat\/ca\/politica-de-qualitat\/","url":"https:\/\/nix.cat\/ca\/politica-de-qualitat\/","name":"Pol\u00edtica de Qualitat - NiX Grupo de Seguridad","isPartOf":{"@id":"https:\/\/nix.cat\/#website"},"datePublished":"2024-12-04T08:01:57+00:00","dateModified":"2025-01-29T14:45:17+00:00","description":"NIX GRUP DE SEGURETAT S.L. \u00e9s una empresa dedicada a la instal\u00b7laci\u00f3 i manteniment de sistemes de seguretat per a empreses i particulars...","breadcrumb":{"@id":"https:\/\/nix.cat\/ca\/politica-de-qualitat\/#breadcrumb"},"inLanguage":"ca","potentialAction":[{"@type":"ReadAction","target":["https:\/\/nix.cat\/ca\/politica-de-qualitat\/"]}]},{"@type":"BreadcrumbList","@id":"https:\/\/nix.cat\/ca\/politica-de-qualitat\/#breadcrumb","itemListElement":[{"@type":"ListItem","position":1,"name":"Portada","item":"https:\/\/nix.cat\/ca\/"},{"@type":"ListItem","position":2,"name":"Pol\u00edtica de Qualitat"}]},{"@type":"WebSite","@id":"https:\/\/nix.cat\/#website","url":"https:\/\/nix.cat\/","name":"NiX Grupo de Seguridad","description":"Alarmas para Particulares y Empresas","publisher":{"@id":"https:\/\/nix.cat\/#organization"},"potentialAction":[{"@type":"SearchAction","target":{"@type":"EntryPoint","urlTemplate":"https:\/\/nix.cat\/?s={search_term_string}"},"query-input":{"@type":"PropertyValueSpecification","valueRequired":true,"valueName":"search_term_string"}}],"inLanguage":"ca"},{"@type":"Organization","@id":"https:\/\/nix.cat\/#organization","name":"NiX Grup de Seguretat","alternateName":"NiX","url":"https:\/\/nix.cat\/","logo":{"@type":"ImageObject","inLanguage":"ca","@id":"https:\/\/nix.cat\/#\/schema\/logo\/image\/","url":"https:\/\/nix.cat\/wp-content\/uploads\/2024\/10\/logo1-5.png","contentUrl":"https:\/\/nix.cat\/wp-content\/uploads\/2024\/10\/logo1-5.png","width":100,"height":100,"caption":"NiX Grup de Seguretat"},"image":{"@id":"https:\/\/nix.cat\/#\/schema\/logo\/image\/"},"sameAs":["https:\/\/www.facebook.com\/nixgrupdeseguretat\/","https:\/\/x.com\/NIXseguretat","https:\/\/www.linkedin.com\/company\/10975377\/"],"description":"M\u00e1s de 40 a\u00f1os instalando y manteniendo sistemas de seguridad en Barcelona y Catalu\u00f1a. Alarmas, videovigilancia, control de accesos y antiincendios a medida.","email":"nix@nix.cat","telephone":"93 870 13 00"}]}},"_links":{"self":[{"href":"https:\/\/nix.cat\/ca\/wp-json\/wp\/v2\/pages\/1392","targetHints":{"allow":["GET"]}}],"collection":[{"href":"https:\/\/nix.cat\/ca\/wp-json\/wp\/v2\/pages"}],"about":[{"href":"https:\/\/nix.cat\/ca\/wp-json\/wp\/v2\/types\/page"}],"author":[{"embeddable":true,"href":"https:\/\/nix.cat\/ca\/wp-json\/wp\/v2\/users\/1"}],"replies":[{"embeddable":true,"href":"https:\/\/nix.cat\/ca\/wp-json\/wp\/v2\/comments?post=1392"}],"version-history":[{"count":1,"href":"https:\/\/nix.cat\/ca\/wp-json\/wp\/v2\/pages\/1392\/revisions"}],"predecessor-version":[{"id":1734,"href":"https:\/\/nix.cat\/ca\/wp-json\/wp\/v2\/pages\/1392\/revisions\/1734"}],"wp:attachment":[{"href":"https:\/\/nix.cat\/ca\/wp-json\/wp\/v2\/media?parent=1392"}],"curies":[{"name":"wp","href":"https:\/\/api.w.org\/{rel}","templated":true}]}}