{"id":1394,"date":"2024-12-04T08:58:03","date_gmt":"2024-12-04T07:58:03","guid":{"rendered":"https:\/\/nix.cat\/politica-de-cookies\/"},"modified":"2025-01-29T15:42:47","modified_gmt":"2025-01-29T14:42:47","slug":"politica-de-cookies","status":"publish","type":"page","link":"https:\/\/nix.cat\/ca\/politica-de-cookies\/","title":{"rendered":"Pol\u00edtica de Cookies"},"content":{"rendered":"<div class=\"wpb-content-wrapper\"><p>[vc_row row_height_percent=&#8221;0&#8243; override_padding=&#8221;yes&#8221; h_padding=&#8221;2&#8243; top_padding=&#8221;2&#8243; bottom_padding=&#8221;1&#8243; overlay_alpha=&#8221;50&#8243; gutter_size=&#8221;3&#8243; column_width_percent=&#8221;100&#8243; shift_y=&#8221;0&#8243; z_index=&#8221;0&#8243; content_parallax=&#8221;0&#8243; uncode_shortcode_id=&#8221;210618&#8243;][vc_column column_width_percent=&#8221;100&#8243; gutter_size=&#8221;2&#8243; overlay_alpha=&#8221;50&#8243; shift_x=&#8221;0&#8243; shift_y=&#8221;0&#8243; shift_y_down=&#8221;0&#8243; z_index=&#8221;0&#8243; medium_width=&#8221;0&#8243; mobile_width=&#8221;0&#8243; width=&#8221;1\/1&#8243; uncode_shortcode_id=&#8221;181980&#8243;][vc_custom_heading heading_semantic=&#8221;h1&#8243; uncode_shortcode_id=&#8221;204897&#8243;]Pol\u00edtica de Cookies[\/vc_custom_heading][\/vc_column][\/vc_row][vc_row][vc_column width=&#8221;1\/1&#8243;][vc_column_text uncode_shortcode_id=&#8221;117175&#8243;]La present pol\u00edtica de cookies t\u00e9 com a finalitat informar-lo de manera clara i precisa sobre les cookies que s\u2019utilitzen a la p\u00e0gina web de Nix Grup de Seguretat, S.L.<\/p>\n<p>La informaci\u00f3 recollida a trav\u00e9s de les cookies pot incloure la data i hora de les visites al lloc web, les p\u00e0gines visualitzades, el temps que ha estat al lloc web i els llocs visitats just abans i despr\u00e9s del mateix. No obstant aix\u00f2, cap cookie permet que el lloc web pugui contactar amb el n\u00famero de tel\u00e8fon de l\u2019Usuari o amb qualsevol altre mitj\u00e0 de contacte personal. Cap cookie pot extreure informaci\u00f3 del disc dur de l\u2019Usuari ni robar informaci\u00f3 personal. L\u2019\u00fanica manera que la informaci\u00f3 privada de l\u2019Usuari formi part de l\u2019arxiu cookie \u00e9s que l\u2019Usuari proporcioni personalment aquesta informaci\u00f3 al servidor.<\/p>\n<p>Les cookies que permeten identificar una persona es consideren dades personals. Per a la utilitzaci\u00f3 de les cookies ser\u00e0 necessari el consentiment de l\u2019Usuari. Aquest consentiment ser\u00e0 comunicat, basat en una elecci\u00f3 aut\u00e8ntica, ofert mitjan\u00e7ant una decisi\u00f3 afirmativa i positiva, abans del tractament inicial, removible i documentat.<\/p>\n<h3>Qu\u00e8 s\u00f3n les cookies?<\/h3>\n<p>Una cookie \u00e9s un petit fragment de text que els llocs web que visita envien al navegador i que permet que el lloc web recordi informaci\u00f3 sobre la seva visita, com el seu idioma preferit i altres opcions, amb l\u2019objectiu de facilitar la seva pr\u00f2xima visita i fer que el lloc li sigui m\u00e9s \u00fatil. Les cookies tenen un paper molt important i contribueixen a oferir una millor experi\u00e8ncia de navegaci\u00f3 a l\u2019Usuari.<\/p>\n<h3>Quin tipus de cookies s\u2019utilitzen en aquesta p\u00e0gina web?<\/h3>\n<p>Segons qui sigui l\u2019entitat que gestioni el domini des d\u2019on s\u2019envien les cookies i es tractin les dades que s\u2019obtinguin, es poden distingir dos tipus: <strong>cookies pr\u00f2pies<\/strong> i <strong>cookies de tercers<\/strong>.<\/p>\n<h4>Cookies pr\u00f2pies<\/h4>\n<p>S\u00f3n aquelles cookies que s\u00f3n enviades a l\u2019ordinador o dispositiu de l\u2019Usuari i gestionades exclusivament per Nix Grup de Seguretat, S.L. per al millor funcionament del lloc web. La informaci\u00f3 que es recull s\u2019utilitza per millorar la qualitat del lloc web i el seu contingut, aix\u00ed com l\u2019experi\u00e8ncia de l\u2019Usuari. Aquestes cookies permeten recon\u00e8ixer l\u2019Usuari com a visitant recurrent del lloc web i adaptar el contingut per oferir-li continguts ajustats a les seves prefer\u00e8ncies.<\/p>\n<h4>Cookies de xarxes socials<\/h4>\n<p>Nix Grup de Seguretat, S.L. incorpora plugins de xarxes socials, que permeten accedir-hi a trav\u00e9s del lloc web. Per aquesta ra\u00f3, les cookies de xarxes socials poden emmagatzemar-se al navegador de l\u2019Usuari. Els titulars d\u2019aquestes xarxes socials disposen de les seves pr\u00f2pies pol\u00edtiques de protecci\u00f3 de dades i de cookies, essent ells mateixos, en cada cas, responsables dels seus fitxers i de les seves pr\u00f2pies pr\u00e0ctiques de privacitat. L\u2019Usuari ha de consultar-les per informar-se sobre aquestes cookies i, si escau, sobre el tractament de les seves dades personals.<\/p>\n<p>A continuaci\u00f3, i nom\u00e9s a t\u00edtol informatiu, s\u2019indiquen els enlla\u00e7os on es poden consultar aquestes pol\u00edtiques de privacitat i\/o de cookies:<\/p>\n<p>Facebook: <a title=\"facebook\" href=\"https:\/\/www.facebook.com\/policies\/cookies\">https:\/\/www.facebook.com\/policies\/cookies<\/a><\/p>\n<p>Twitter: <a title=\"twitter\" href=\"https:\/\/www.twitter.com\/es\/privacy\">https:\/\/www.twitter.com\/es\/privacy<\/a><\/p>\n<p>Instagram: <a title=\"Instagram\" href=\"https:\/\/help.instagram.com\/1896641480634370?ref=ig\">https:\/\/help.instagram.com\/1896641480634370?ref=ig<\/a><\/p>\n<p>Youtube: <a title=\"youtube\" href=\"https:\/\/policies.google.com\/privacy?hl=es-419&amp;gl=mx\">https:\/\/policies.google.com\/privacy?hl=es-419&amp;gl=mx<\/a><\/p>\n<p>Google+: <a title=\"google\" href=\"https:\/\/policies.google.com\/technologies\/cookies?hl=es\">https:\/\/policies.google.com\/technologies\/cookies?hl=es<\/a><\/p>\n<p>Pinterest: <a title=\"pinterest\" href=\"https:\/\/policy.pinterest.com\/es\/privacy-policy\">https:\/\/policy.pinterest.com\/es\/privacy-policy<\/a><\/p>\n<p>Linkedin: <a title=\"linkedin\" href=\"https:\/\/www.linkedin.com\/legal\/cookie-policy?trk=hp-cookies\">https:\/\/www.linkedin.com\/legal\/cookie-policy?trk=hp-cookies<\/a><\/p>\n<p>Les cookies ens permeten fer un seguiment de la interacci\u00f3 de l\u2019Usuari dins del Lloc Web. Aix\u00f2 ens proporciona idees valuoses que ens permeten millorar el Lloc Web i els serveis que oferim.<\/p>\n<p>Tamb\u00e9 treballem amb col\u00b7laboradors que creen cookies de tercers, les quals despr\u00e9s s\u00f3n utilitzades en altres llocs web per anunciar de manera adequada i pertinent en funci\u00f3 del seu historial de navegaci\u00f3. Aquestes cookies no emmagatzemen informaci\u00f3 personal i es basen exclusivament en l\u2019historial de navegaci\u00f3.<\/p>\n<p>Tamb\u00e9 existeix una segona classificaci\u00f3 segons el termini de temps que romanen emmagatzemades al navegador del client, podent ser cookies de sessi\u00f3 o cookies persistents.<\/p>\n<p>Les <strong>cookies de sessi\u00f3<\/strong> contenen informaci\u00f3 que s\u2019utilitza dins de la sessi\u00f3 actual del navegador. Aquestes cookies s\u2019eliminen autom\u00e0ticament quan vost\u00e8 tanca el navegador. Res no es conserva al dispositiu m\u00e9s enll\u00e0 del temps que passa al Lloc Web.<\/p>\n<p>Les <strong>cookies persistents<\/strong> s\u2019utilitzen per emmagatzemar la informaci\u00f3 que s\u2019utilitza entre les visites. Aquestes dades permeten als llocs web recon\u00e8ixer que vost\u00e8 \u00e9s un client habitual i reaccionar en conseq\u00fc\u00e8ncia. Les cookies persistents tenen un per\u00edode de validesa que s\u2019estableix al Lloc Web, que pot variar entre uns minuts i diversos anys.<\/p>\n<p>Per \u00faltim, existeix una altra classificaci\u00f3 amb cinc tipus de cookies segons la finalitat per a la qual es tractin les dades obtingudes: cookies t\u00e8cniques, cookies de personalitzaci\u00f3, cookies d\u2019an\u00e0lisi, cookies publicit\u00e0ries i cookies de publicitat comportamental.<\/p>\n<p>De totes elles, aquest Lloc Web utilitza <strong>cookies d\u2019an\u00e0lisi<\/strong> i de <strong>publicitat comportamental<\/strong>:<\/p>\n<p>Les <strong>cookies d\u2019an\u00e0lisi<\/strong> s\u00f3n aquelles que, tractades per Nix Grup de Seguretat, S.L. o per tercers, ens permeten quantificar el nombre d\u2019usuaris i aix\u00ed realitzar la medici\u00f3 i l\u2019an\u00e0lisi estad\u00edstic de l\u2019\u00fas que fan els usuaris del servei ofertat. Per aix\u00f2, s\u2019analitza la seva navegaci\u00f3 al nostre Lloc Web amb la finalitat de millorar l\u2019oferta de productes o serveis que li oferim.<\/p>\n<p>Aquest lloc web utilitza <strong>Google Analytics<\/strong>, un servei anal\u00edtic web prestat per Google Inc., una companyia de Delaware amb oficina principal a 1600 Amphitheatre Parkway, Mountain View (Calif\u00f2rnia), CA 94043, Estats Units (\u201cGoogle\u201d).<\/p>\n<p>Google Analytics utilitza \u201ccookies\u201d, que s\u00f3n fitxers de text ubicats al seu ordinador, per ajudar el lloc web a analitzar l\u2019\u00fas que fan els usuaris del lloc web. La informaci\u00f3 que genera la cookie sobre l\u2019\u00fas del lloc web ser\u00e0 transmesa directament i arxivada per Google als servidors dels Estats Units. Google utilitzar\u00e0 aquesta informaci\u00f3 per compte nostre amb la finalitat de fer un seguiment de l\u2019\u00fas del lloc web, recopilant informes de l\u2019activitat del lloc web i prestant altres serveis relacionats amb l\u2019activitat del lloc web i l\u2019\u00fas d\u2019Internet. Google podr\u00e0 transmetre aquesta informaci\u00f3 a tercers quan aix\u00ed ho requereixi la legislaci\u00f3, o quan aquests tercers processin la informaci\u00f3 per compte de Google. Google no associar\u00e0 la seva adre\u00e7a IP amb cap altra dada que disposi Google.<\/p>\n<p>Pot rebutjar el tractament de les dades o la informaci\u00f3 rebutjant l\u2019\u00fas de cookies mitjan\u00e7ant la selecci\u00f3 de la configuraci\u00f3 apropiada del seu navegador; no obstant aix\u00f2, ha de saber que, si ho fa, pot ser que no pugui utilitzar la plena funcionalitat d\u2019aquest lloc web. Amb l\u2019\u00fas d\u2019aquest lloc web, vost\u00e8 consenteix el tractament d\u2019informaci\u00f3 sobre vost\u00e8 per part de Google en la forma i per a les finalitats indicades anteriorment.<\/p>\n<p>Les <strong>cookies de publicitat comportamental<\/strong> s\u00f3n aquelles que, tractades per Nix Grup de Seguretat, S.L. o per tercers, ens permeten analitzar els seus h\u00e0bits de navegaci\u00f3 a Internet perqu\u00e8 puguem mostrar-li publicitat relacionada amb el seu perfil de navegaci\u00f3.<\/p>\n<p><strong>Enlla\u00e7os a altres llocs web<\/strong><\/p>\n<p>Per a la seva comoditat, aquest Lloc Web pot contenir enlla\u00e7os a altres llocs web que poden tenir pol\u00edtiques de privacitat diferents. Li recomanem examinar les seves respectives cl\u00e0usules sobre protecci\u00f3 de dades. En cap cas s\u2019intercanviaran dades de car\u00e0cter personal amb aquests llocs web sense el seu consentiment previ i informat. Nix Grup de Seguretat, S.L. no es fa responsable ni del contingut, ni de qualsevol altre aspecte relacionat amb llocs web gestionats o dirigits per tercers.<\/p>\n<p><strong>Desactivar, rebutjar i eliminar cookies<\/strong><\/p>\n<p>L\u2019usuari pot desactivar, rebutjar i eliminar les cookies \u2013 totalment o parcialment \u2013 instal\u00b7lades al seu dispositiu mitjan\u00e7ant la configuraci\u00f3 del navegador (com ara Chrome, Firefox, Safari o Explorer). En aquest sentit, els procediments per rebutjar i eliminar les cookies poden variar segons el navegador. Per tant, l\u2019Usuari ha de consultar les instruccions proporcionades pel navegador d\u2019Internet que estigui utilitzant. En cas que rebutgi l\u2019\u00fas de cookies \u2013 totalment o parcialment \u2013 podr\u00e0 continuar utilitzant el Lloc Web, per\u00f2 amb funcionalitats limitades en algunes de les seves prestacions. Tingui en compte que, si accepta les cookies de tercers, haur\u00e0 d\u2019eliminar-les des de les opcions del navegador.<\/p>\n<div class=\"flex-shrink-0 flex flex-col relative items-end\">\n<div>\n<div class=\"pt-0\">\n<div class=\"gizmo-bot-avatar flex h-8 w-8 items-center justify-center overflow-hidden rounded-full\">\n<div class=\"relative p-1 rounded-sm flex items-center justify-center bg-token-main-surface-primary text-token-text-primary h-8 w-8\"><strong>Acceptaci\u00f3 de la pol\u00edtica de cookies<\/strong><\/div>\n<\/div>\n<\/div>\n<\/div>\n<\/div>\n<div class=\"group\/conversation-turn relative flex w-full min-w-0 flex-col agent-turn\">\n<div class=\"flex-col gap-1 md:gap-3\">\n<div class=\"flex max-w-full flex-col flex-grow\">\n<div class=\"min-h-8 text-message flex w-full flex-col items-end gap-2 whitespace-normal break-words text-start [.text-message+&amp;]:mt-5\" dir=\"auto\" data-message-author-role=\"assistant\" data-message-id=\"5af64221-1109-4916-b4be-8522cc560205\" data-message-model-slug=\"gpt-4o\">\n<div class=\"flex w-full flex-col gap-1 empty:hidden first:pt-[3px]\">\n<div class=\"markdown prose w-full break-words dark:prose-invert light\">\n<p>En pr\u00e9mer el bot\u00f3 \u201cAcceptar\u201d es considera que vost\u00e8 accepta l\u2019\u00fas de cookies.<\/p>\n<\/div>\n<\/div>\n<\/div>\n<\/div>\n<\/div>\n<\/div>\n<p>[\/vc_column_text][\/vc_column][\/vc_row]<\/p>\n<\/div>","protected":false},"excerpt":{"rendered":"<p>[vc_row row_height_percent=&#8221;0&#8243; override_padding=&#8221;yes&#8221; h_padding=&#8221;2&#8243; top_padding=&#8221;2&#8243; bottom_padding=&#8221;1&#8243; overlay_alpha=&#8221;50&#8243; gutter_size=&#8221;3&#8243; column_width_percent=&#8221;100&#8243; shift_y=&#8221;0&#8243; z_index=&#8221;0&#8243; content_parallax=&#8221;0&#8243; uncode_shortcode_id=&#8221;210618&#8243;][vc_column column_width_percent=&#8221;100&#8243; gutter_size=&#8221;2&#8243; overlay_alpha=&#8221;50&#8243; shift_x=&#8221;0&#8243; shift_y=&#8221;0&#8243; shift_y_down=&#8221;0&#8243; z_index=&#8221;0&#8243; [&hellip;]<\/p>\n","protected":false},"author":1,"featured_media":0,"parent":0,"menu_order":0,"comment_status":"closed","ping_status":"closed","template":"","meta":{"footnotes":""},"class_list":["post-1394","page","type-page","status-publish","hentry"],"yoast_head":"<!-- This site is optimized with the Yoast SEO Premium plugin v27.3 (Yoast SEO v27.4) - https:\/\/yoast.com\/product\/yoast-seo-premium-wordpress\/ -->\n<title>Pol\u00edtica de Cookies - NiX Grupo de Seguridad<\/title>\n<meta name=\"description\" content=\"La present pol\u00edtica de cookies t\u00e9 com a finalitat informar-lo de manera clara i precisa sobre les cookies que s\u2019utilitzen a la p\u00e0gina web...\" \/>\n<meta name=\"robots\" content=\"noindex, nofollow\" \/>\n<meta property=\"og:locale\" content=\"ca_ES\" \/>\n<meta property=\"og:type\" content=\"article\" \/>\n<meta property=\"og:title\" content=\"Pol\u00edtica de Cookies\" \/>\n<meta property=\"og:description\" content=\"La present pol\u00edtica de cookies t\u00e9 com a finalitat informar-lo de manera clara i precisa sobre les cookies que s\u2019utilitzen a la p\u00e0gina web...\" \/>\n<meta property=\"og:url\" content=\"https:\/\/nix.cat\/ca\/politica-de-cookies\/\" \/>\n<meta property=\"og:site_name\" content=\"NiX Grupo de Seguridad\" \/>\n<meta property=\"article:publisher\" content=\"https:\/\/www.facebook.com\/nixgrupdeseguretat\/\" \/>\n<meta property=\"article:modified_time\" content=\"2025-01-29T14:42:47+00:00\" \/>\n<meta property=\"og:image\" content=\"https:\/\/nix.cat\/wp-content\/uploads\/2024\/07\/nix_logo.png\" \/>\n\t<meta property=\"og:image:width\" content=\"500\" \/>\n\t<meta property=\"og:image:height\" content=\"500\" \/>\n\t<meta property=\"og:image:type\" content=\"image\/png\" \/>\n<meta name=\"twitter:card\" content=\"summary_large_image\" \/>\n<meta name=\"twitter:image\" content=\"https:\/\/nix.cat\/wp-content\/uploads\/2024\/07\/nix_logo.png\" \/>\n<meta name=\"twitter:site\" content=\"@NIXseguretat\" \/>\n<meta name=\"twitter:label1\" content=\"Temps estimat de lectura\" \/>\n\t<meta name=\"twitter:data1\" content=\"7 minuts\" \/>\n<script type=\"application\/ld+json\" class=\"yoast-schema-graph\">{\"@context\":\"https:\\\/\\\/schema.org\",\"@graph\":[{\"@type\":\"WebPage\",\"@id\":\"https:\\\/\\\/nix.cat\\\/ca\\\/politica-de-cookies\\\/\",\"url\":\"https:\\\/\\\/nix.cat\\\/ca\\\/politica-de-cookies\\\/\",\"name\":\"Pol\u00edtica de Cookies - NiX Grupo de Seguridad\",\"isPartOf\":{\"@id\":\"https:\\\/\\\/nix.cat\\\/#website\"},\"datePublished\":\"2024-12-04T07:58:03+00:00\",\"dateModified\":\"2025-01-29T14:42:47+00:00\",\"description\":\"La present pol\u00edtica de cookies t\u00e9 com a finalitat informar-lo de manera clara i precisa sobre les cookies que s\u2019utilitzen a la p\u00e0gina web...\",\"breadcrumb\":{\"@id\":\"https:\\\/\\\/nix.cat\\\/ca\\\/politica-de-cookies\\\/#breadcrumb\"},\"inLanguage\":\"ca\",\"potentialAction\":[{\"@type\":\"ReadAction\",\"target\":[\"https:\\\/\\\/nix.cat\\\/ca\\\/politica-de-cookies\\\/\"]}]},{\"@type\":\"BreadcrumbList\",\"@id\":\"https:\\\/\\\/nix.cat\\\/ca\\\/politica-de-cookies\\\/#breadcrumb\",\"itemListElement\":[{\"@type\":\"ListItem\",\"position\":1,\"name\":\"Portada\",\"item\":\"https:\\\/\\\/nix.cat\\\/ca\\\/\"},{\"@type\":\"ListItem\",\"position\":2,\"name\":\"Pol\u00edtica de Cookies\"}]},{\"@type\":\"WebSite\",\"@id\":\"https:\\\/\\\/nix.cat\\\/#website\",\"url\":\"https:\\\/\\\/nix.cat\\\/\",\"name\":\"NiX Grupo de Seguridad\",\"description\":\"Alarmas para Particulares y Empresas\",\"publisher\":{\"@id\":\"https:\\\/\\\/nix.cat\\\/#organization\"},\"potentialAction\":[{\"@type\":\"SearchAction\",\"target\":{\"@type\":\"EntryPoint\",\"urlTemplate\":\"https:\\\/\\\/nix.cat\\\/?s={search_term_string}\"},\"query-input\":{\"@type\":\"PropertyValueSpecification\",\"valueRequired\":true,\"valueName\":\"search_term_string\"}}],\"inLanguage\":\"ca\"},{\"@type\":\"Organization\",\"@id\":\"https:\\\/\\\/nix.cat\\\/#organization\",\"name\":\"NiX Grup de Seguretat\",\"alternateName\":\"NiX\",\"url\":\"https:\\\/\\\/nix.cat\\\/\",\"logo\":{\"@type\":\"ImageObject\",\"inLanguage\":\"ca\",\"@id\":\"https:\\\/\\\/nix.cat\\\/#\\\/schema\\\/logo\\\/image\\\/\",\"url\":\"https:\\\/\\\/nix.cat\\\/wp-content\\\/uploads\\\/2024\\\/10\\\/logo1-5.png\",\"contentUrl\":\"https:\\\/\\\/nix.cat\\\/wp-content\\\/uploads\\\/2024\\\/10\\\/logo1-5.png\",\"width\":100,\"height\":100,\"caption\":\"NiX Grup de Seguretat\"},\"image\":{\"@id\":\"https:\\\/\\\/nix.cat\\\/#\\\/schema\\\/logo\\\/image\\\/\"},\"sameAs\":[\"https:\\\/\\\/www.facebook.com\\\/nixgrupdeseguretat\\\/\",\"https:\\\/\\\/x.com\\\/NIXseguretat\",\"https:\\\/\\\/www.linkedin.com\\\/company\\\/10975377\\\/\"],\"description\":\"M\u00e1s de 40 a\u00f1os instalando y manteniendo sistemas de seguridad en Barcelona y Catalu\u00f1a. Alarmas, videovigilancia, control de accesos y antiincendios a medida.\",\"email\":\"nix@nix.cat\",\"telephone\":\"93 870 13 00\"}]}<\/script>\n<!-- \/ Yoast SEO Premium plugin. -->","yoast_head_json":{"title":"Pol\u00edtica de Cookies - NiX Grupo de Seguridad","description":"La present pol\u00edtica de cookies t\u00e9 com a finalitat informar-lo de manera clara i precisa sobre les cookies que s\u2019utilitzen a la p\u00e0gina web...","robots":{"index":"noindex","follow":"nofollow"},"og_locale":"ca_ES","og_type":"article","og_title":"Pol\u00edtica de Cookies","og_description":"La present pol\u00edtica de cookies t\u00e9 com a finalitat informar-lo de manera clara i precisa sobre les cookies que s\u2019utilitzen a la p\u00e0gina web...","og_url":"https:\/\/nix.cat\/ca\/politica-de-cookies\/","og_site_name":"NiX Grupo de Seguridad","article_publisher":"https:\/\/www.facebook.com\/nixgrupdeseguretat\/","article_modified_time":"2025-01-29T14:42:47+00:00","og_image":[{"width":500,"height":500,"url":"https:\/\/nix.cat\/wp-content\/uploads\/2024\/07\/nix_logo.png","type":"image\/png"}],"twitter_card":"summary_large_image","twitter_image":"https:\/\/nix.cat\/wp-content\/uploads\/2024\/07\/nix_logo.png","twitter_site":"@NIXseguretat","twitter_misc":{"Temps estimat de lectura":"7 minuts"},"schema":{"@context":"https:\/\/schema.org","@graph":[{"@type":"WebPage","@id":"https:\/\/nix.cat\/ca\/politica-de-cookies\/","url":"https:\/\/nix.cat\/ca\/politica-de-cookies\/","name":"Pol\u00edtica de Cookies - NiX Grupo de Seguridad","isPartOf":{"@id":"https:\/\/nix.cat\/#website"},"datePublished":"2024-12-04T07:58:03+00:00","dateModified":"2025-01-29T14:42:47+00:00","description":"La present pol\u00edtica de cookies t\u00e9 com a finalitat informar-lo de manera clara i precisa sobre les cookies que s\u2019utilitzen a la p\u00e0gina web...","breadcrumb":{"@id":"https:\/\/nix.cat\/ca\/politica-de-cookies\/#breadcrumb"},"inLanguage":"ca","potentialAction":[{"@type":"ReadAction","target":["https:\/\/nix.cat\/ca\/politica-de-cookies\/"]}]},{"@type":"BreadcrumbList","@id":"https:\/\/nix.cat\/ca\/politica-de-cookies\/#breadcrumb","itemListElement":[{"@type":"ListItem","position":1,"name":"Portada","item":"https:\/\/nix.cat\/ca\/"},{"@type":"ListItem","position":2,"name":"Pol\u00edtica de Cookies"}]},{"@type":"WebSite","@id":"https:\/\/nix.cat\/#website","url":"https:\/\/nix.cat\/","name":"NiX Grupo de Seguridad","description":"Alarmas para Particulares y Empresas","publisher":{"@id":"https:\/\/nix.cat\/#organization"},"potentialAction":[{"@type":"SearchAction","target":{"@type":"EntryPoint","urlTemplate":"https:\/\/nix.cat\/?s={search_term_string}"},"query-input":{"@type":"PropertyValueSpecification","valueRequired":true,"valueName":"search_term_string"}}],"inLanguage":"ca"},{"@type":"Organization","@id":"https:\/\/nix.cat\/#organization","name":"NiX Grup de Seguretat","alternateName":"NiX","url":"https:\/\/nix.cat\/","logo":{"@type":"ImageObject","inLanguage":"ca","@id":"https:\/\/nix.cat\/#\/schema\/logo\/image\/","url":"https:\/\/nix.cat\/wp-content\/uploads\/2024\/10\/logo1-5.png","contentUrl":"https:\/\/nix.cat\/wp-content\/uploads\/2024\/10\/logo1-5.png","width":100,"height":100,"caption":"NiX Grup de Seguretat"},"image":{"@id":"https:\/\/nix.cat\/#\/schema\/logo\/image\/"},"sameAs":["https:\/\/www.facebook.com\/nixgrupdeseguretat\/","https:\/\/x.com\/NIXseguretat","https:\/\/www.linkedin.com\/company\/10975377\/"],"description":"M\u00e1s de 40 a\u00f1os instalando y manteniendo sistemas de seguridad en Barcelona y Catalu\u00f1a. Alarmas, videovigilancia, control de accesos y antiincendios a medida.","email":"nix@nix.cat","telephone":"93 870 13 00"}]}},"_links":{"self":[{"href":"https:\/\/nix.cat\/ca\/wp-json\/wp\/v2\/pages\/1394","targetHints":{"allow":["GET"]}}],"collection":[{"href":"https:\/\/nix.cat\/ca\/wp-json\/wp\/v2\/pages"}],"about":[{"href":"https:\/\/nix.cat\/ca\/wp-json\/wp\/v2\/types\/page"}],"author":[{"embeddable":true,"href":"https:\/\/nix.cat\/ca\/wp-json\/wp\/v2\/users\/1"}],"replies":[{"embeddable":true,"href":"https:\/\/nix.cat\/ca\/wp-json\/wp\/v2\/comments?post=1394"}],"version-history":[{"count":1,"href":"https:\/\/nix.cat\/ca\/wp-json\/wp\/v2\/pages\/1394\/revisions"}],"predecessor-version":[{"id":1731,"href":"https:\/\/nix.cat\/ca\/wp-json\/wp\/v2\/pages\/1394\/revisions\/1731"}],"wp:attachment":[{"href":"https:\/\/nix.cat\/ca\/wp-json\/wp\/v2\/media?parent=1394"}],"curies":[{"name":"wp","href":"https:\/\/api.w.org\/{rel}","templated":true}]}}